{"id":84453,"date":"2020-11-05T16:14:17","date_gmt":"2020-11-05T14:14:17","guid":{"rendered":"https:\/\/nesu.fi\/kasvomaskit-arkikaytossa\/"},"modified":"2021-08-27T17:18:12","modified_gmt":"2021-08-27T14:18:12","slug":"alltagsmasken","status":"publish","type":"page","link":"https:\/\/nesu.fi\/de\/alltagsmasken\/","title":{"rendered":"Alltagsmasken"},"content":{"rendered":"<div class=\"wpb-content-wrapper\"><p>[vc_row unlock_row_content=&#8220;yes&#8220; row_height_percent=&#8220;100&#8243; override_padding=&#8220;yes&#8220; h_padding=&#8220;0&#8243; top_padding=&#8220;0&#8243; bottom_padding=&#8220;0&#8243; back_color=&#8220;color-xsdn&#8220; overlay_alpha=&#8220;50&#8243; equal_height=&#8220;yes&#8220; gutter_size=&#8220;3&#8243; column_width_percent=&#8220;100&#8243; shift_y=&#8220;0&#8243; z_index=&#8220;0&#8243;][vc_column column_width_percent=&#8220;100&#8243; gutter_size=&#8220;3&#8243; expand_height=&#8220;yes&#8220; style=&#8220;dark&#8220; overlay_alpha=&#8220;50&#8243; shift_x=&#8220;0&#8243; shift_y=&#8220;0&#8243; z_index=&#8220;0&#8243; medium_width=&#8220;0&#8243; width=&#8220;1\/1&#8243;][vc_row_inner row_inner_height_percent=&#8220;0&#8243; overlay_alpha=&#8220;50&#8243; equal_height=&#8220;yes&#8220; gutter_size=&#8220;0&#8243; shift_y=&#8220;0&#8243; limit_content=&#8220;&#8220;][vc_column_inner column_width_use_pixel=&#8220;yes&#8220; gutter_size=&#8220;3&#8243; expand_height=&#8220;yes&#8220; back_color=&#8220;color-xsdn&#8220; back_image=&#8220;83038&#8243; overlay_alpha=&#8220;50&#8243; shift_x=&#8220;0&#8243; shift_y=&#8220;0&#8243; shift_y_down=&#8220;0&#8243; z_index=&#8220;0&#8243; medium_width=&#8220;0&#8243; mobile_width=&#8220;0&#8243; width=&#8220;1\/2&#8243; mobile_height=&#8220;300&#8243;][\/vc_column_inner][vc_column_inner column_width_percent=&#8220;65&#8243; position_vertical=&#8220;middle&#8220; gutter_size=&#8220;3&#8243; override_padding=&#8220;yes&#8220; column_padding=&#8220;3&#8243; overlay_alpha=&#8220;50&#8243; shift_x=&#8220;0&#8243; shift_y=&#8220;0&#8243; shift_y_down=&#8220;0&#8243; z_index=&#8220;0&#8243; medium_width=&#8220;0&#8243; mobile_width=&#8220;0&#8243; width=&#8220;1\/2&#8243;][vc_custom_heading heading_semantic=&#8220;h6&#8243; text_size=&#8220;fontsize-160000&#8243; text_transform=&#8220;uppercase&#8220; text_space=&#8220;fontspace-135905&#8243; text_color=&#8220;accent&#8220;]NeSu UltraSoft[\/vc_custom_heading][vc_custom_heading text_font=&#8220;font-762333&#8243; text_size=&#8220;fontsize-155944&#8243; text_align=&#8220;text-left&#8220;]NeSu Schutzmasken im Alltag[\/vc_custom_heading][vc_column_text]NeSu Communitymasken sind f\u00fcr jeden und f\u00fcr den t\u00e4glichen Gebrauch konzipiert. Das Tragen von NeSu Schutzmasken vermindert effektiv die Verbreitung von Viren und Bakterien und f\u00f6rdert somit die Gesundheit nahestehender Menschen und Mitmenschen. Ob in \u00f6ffentlichen Verkehrsmitteln, beim Einkaufen oder bei anderen gesellschaftlichen Zusammentreffen &#8211; man sch\u00fctzt sich gegenseitig mit dem weichen und angenehm zu tragenden NeSu Nasen-Mundschutz.[\/vc_column_text][\/vc_column_inner][\/vc_row_inner][\/vc_column][\/vc_row][vc_row row_height_percent=&#8220;50&#8243; override_padding=&#8220;yes&#8220; h_padding=&#8220;2&#8243; top_padding=&#8220;5&#8243; bottom_padding=&#8220;3&#8243; overlay_alpha=&#8220;50&#8243; gutter_size=&#8220;4&#8243; column_width_percent=&#8220;100&#8243; shift_y=&#8220;0&#8243; z_index=&#8220;0&#8243; el_class=&#8220;inverted-device-order&#8220;][vc_column column_width_use_pixel=&#8220;yes&#8220; position_vertical=&#8220;middle&#8220; gutter_size=&#8220;3&#8243; overlay_alpha=&#8220;50&#8243; shift_x=&#8220;0&#8243; shift_y=&#8220;0&#8243; shift_y_down=&#8220;0&#8243; z_index=&#8220;0&#8243; medium_width=&#8220;0&#8243; mobile_width=&#8220;0&#8243; width=&#8220;1\/2&#8243; column_width_pixel=&#8220;900&#8243;][vc_custom_heading heading_semantic=&#8220;h3&#8243; text_size=&#8220;fontsize-155944&#8243; subheading=&#8220;NeSu UltraSoft ist eine Einwegmaske aus besonders weichem, hautschonendem Material.&#8220;]NeSu UltraSoft[\/vc_custom_heading][vc_button button_color=&#8220;accent&#8220; border_width=&#8220;0&#8243; link=&#8220;url:https%3A%2F%2Fnesu.fi%2Fde%2Fnesu-ultrasoft%2F|title:Nesu%20UltraSoft&#8220;]Zum Produkt[\/vc_button][\/vc_column][vc_column width=&#8220;1\/2&#8243;][vc_single_image media=&#8220;83035&#8243; media_width_percent=&#8220;100&#8243; media_ratio=&#8220;four-three&#8220;][\/vc_column][\/vc_row][vc_row row_height_percent=&#8220;50&#8243; override_padding=&#8220;yes&#8220; h_padding=&#8220;2&#8243; top_padding=&#8220;5&#8243; bottom_padding=&#8220;2&#8243; overlay_alpha=&#8220;50&#8243; gutter_size=&#8220;4&#8243; column_width_percent=&#8220;100&#8243; shift_y=&#8220;0&#8243; z_index=&#8220;0&#8243; desktop_visibility=&#8220;yes&#8220; medium_visibility=&#8220;yes&#8220; mobile_visibility=&#8220;yes&#8220; el_class=&#8220;inverted-device-order&#8220;][vc_column column_width_use_pixel=&#8220;yes&#8220; position_vertical=&#8220;middle&#8220; gutter_size=&#8220;3&#8243; overlay_alpha=&#8220;50&#8243; shift_x=&#8220;0&#8243; shift_y=&#8220;0&#8243; shift_y_down=&#8220;0&#8243; z_index=&#8220;0&#8243; medium_width=&#8220;0&#8243; mobile_width=&#8220;0&#8243; width=&#8220;1\/2&#8243; column_width_pixel=&#8220;900&#8243;][vc_custom_heading heading_semantic=&#8220;h3&#8243; text_size=&#8220;fontsize-155944&#8243; subheading=&#8220;NeSu Basic ist eine zuverl\u00e4ssige, angenehm zu tragende dreilagige (3-lagige) Einweg-Maske. Hergestellt in Finnland, besteht diese Alltagsmaske aus Materialien der Firma Ahlstr\u00f6m-Munksj\u00f6n.&#8220;]NeSu Basic[\/vc_custom_heading][vc_button button_color=&#8220;accent&#8220; border_width=&#8220;0&#8243; link=&#8220;url:https%3A%2F%2Fnesu.fi%2Fbasic%2F|title:Nesu%20Basic&#8220;]Zum Produkt[\/vc_button][\/vc_column][vc_column width=&#8220;1\/2&#8243;][vc_single_image media=&#8220;83035&#8243; media_width_percent=&#8220;100&#8243; media_ratio=&#8220;four-three&#8220;][\/vc_column][\/vc_row][vc_row row_height_percent=&#8220;50&#8243; override_padding=&#8220;yes&#8220; h_padding=&#8220;2&#8243; top_padding=&#8220;5&#8243; bottom_padding=&#8220;5&#8243; back_color=&#8220;accent&#8220; back_image=&#8220;83900&#8243; parallax=&#8220;yes&#8220; overlay_color=&#8220;color-nhtu&#8220; overlay_alpha=&#8220;40&#8243; equal_height=&#8220;yes&#8220; gutter_size=&#8220;4&#8243; column_width_percent=&#8220;100&#8243; shift_y=&#8220;0&#8243; z_index=&#8220;0&#8243;][vc_column column_width_percent=&#8220;100&#8243; position_vertical=&#8220;middle&#8220; align_horizontal=&#8220;align_center&#8220; gutter_size=&#8220;3&#8243; style=&#8220;dark&#8220; overlay_alpha=&#8220;50&#8243; shift_x=&#8220;0&#8243; shift_y=&#8220;0&#8243; shift_y_down=&#8220;0&#8243; z_index=&#8220;0&#8243; medium_width=&#8220;0&#8243; mobile_width=&#8220;0&#8243; width=&#8220;1\/1&#8243;][vc_custom_heading heading_semantic=&#8220;h6&#8243; text_size=&#8220;fontsize-160000&#8243; text_transform=&#8220;uppercase&#8220; text_space=&#8220;fontspace-135905&#8243;]Von den Finnen, aus Finnland, f\u00fcr uns alle[\/vc_custom_heading][vc_custom_heading heading_semantic=&#8220;h3&#8243; text_size=&#8220;fontsize-155944&#8243;]NeSu Mundschutzmasken entstehen in finnischer Herstellung und bew\u00e4hrter Qualit\u00e4t im s\u00fcdlichsten Hafenst\u00e4dtchen Finnlands, in Hanko.[\/vc_custom_heading][vc_button border_width=&#8220;0&#8243; link=&#8220;url:https%3A%2F%2Fnesu.fi%2Fde%2Ffilterpak%2F|title:Filterpak|target:_blank&#8220;]Lernen Sie Uns Kennen[\/vc_button][\/vc_column][\/vc_row]<\/p>\n<\/div>","protected":false},"excerpt":{"rendered":"<p>[vc_row unlock_row_content=&#8220;yes&#8220; row_height_percent=&#8220;100&#8243; override_padding=&#8220;yes&#8220; h_padding=&#8220;0&#8243; top_padding=&#8220;0&#8243; bottom_padding=&#8220;0&#8243; back_color=&#8220;color-xsdn&#8220; overlay_alpha=&#8220;50&#8243; equal_height=&#8220;yes&#8220; gutter_size=&#8220;3&#8243; column_width_percent=&#8220;100&#8243; shift_y=&#8220;0&#8243; z_index=&#8220;0&#8243;][vc_column column_width_percent=&#8220;100&#8243; gutter_size=&#8220;3&#8243; expand_height=&#8220;yes&#8220; style=&#8220;dark&#8220; overlay_alpha=&#8220;50&#8243; shift_x=&#8220;0&#8243; [&hellip;]<\/p>\n","protected":false},"author":1,"featured_media":84440,"parent":0,"menu_order":0,"comment_status":"closed","ping_status":"closed","template":"","meta":{"_monsterinsights_skip_tracking":false,"_monsterinsights_sitenote_active":false,"_monsterinsights_sitenote_note":"","_monsterinsights_sitenote_category":0,"footnotes":""},"class_list":["post-84453","page","type-page","status-publish","has-post-thumbnail","hentry"],"yoast_head":"<!-- This site is optimized with the Yoast SEO plugin v26.3 - https:\/\/yoast.com\/wordpress\/plugins\/seo\/ -->\n<title>Alltagsmasken - NeSu - Kotimainen kansalaismaski<\/title>\n<meta name=\"robots\" content=\"index, follow, max-snippet:-1, max-image-preview:large, max-video-preview:-1\" \/>\n<link rel=\"canonical\" href=\"https:\/\/nesu.fi\/de\/alltagsmasken\/\" \/>\n<meta property=\"og:locale\" content=\"de_DE\" \/>\n<meta property=\"og:type\" content=\"article\" \/>\n<meta property=\"og:title\" content=\"Alltagsmasken - NeSu - Kotimainen kansalaismaski\" \/>\n<meta property=\"og:description\" content=\"[vc_row unlock_row_content=&#8220;yes&#8220; row_height_percent=&#8220;100&#8243; override_padding=&#8220;yes&#8220; h_padding=&#8220;0&#8243; top_padding=&#8220;0&#8243; bottom_padding=&#8220;0&#8243; back_color=&#8220;color-xsdn&#8220; overlay_alpha=&#8220;50&#8243; equal_height=&#8220;yes&#8220; gutter_size=&#8220;3&#8243; column_width_percent=&#8220;100&#8243; shift_y=&#8220;0&#8243; z_index=&#8220;0&#8243;][vc_column column_width_percent=&#8220;100&#8243; gutter_size=&#8220;3&#8243; expand_height=&#8220;yes&#8220; style=&#8220;dark&#8220; overlay_alpha=&#8220;50&#8243; shift_x=&#8220;0&#8243; [&hellip;]\" \/>\n<meta property=\"og:url\" content=\"https:\/\/nesu.fi\/de\/alltagsmasken\/\" \/>\n<meta property=\"og:site_name\" content=\"NeSu - Kotimainen kansalaismaski\" \/>\n<meta property=\"article:modified_time\" content=\"2021-08-27T14:18:12+00:00\" \/>\n<meta property=\"og:image\" content=\"https:\/\/nesu.fi\/wp-content\/uploads\/2020\/10\/multifoto-29-scaled.jpg\" \/>\n\t<meta property=\"og:image:width\" content=\"2560\" \/>\n\t<meta property=\"og:image:height\" content=\"1703\" \/>\n\t<meta property=\"og:image:type\" content=\"image\/jpeg\" \/>\n<meta name=\"twitter:card\" content=\"summary_large_image\" \/>\n<meta name=\"twitter:label1\" content=\"Gesch\u00e4tzte Lesezeit\" \/>\n\t<meta name=\"twitter:data1\" content=\"2\u00a0Minuten\" \/>\n<script type=\"application\/ld+json\" class=\"yoast-schema-graph\">{\"@context\":\"https:\/\/schema.org\",\"@graph\":[{\"@type\":\"WebPage\",\"@id\":\"https:\/\/nesu.fi\/de\/alltagsmasken\/\",\"url\":\"https:\/\/nesu.fi\/de\/alltagsmasken\/\",\"name\":\"Alltagsmasken - NeSu - Kotimainen kansalaismaski\",\"isPartOf\":{\"@id\":\"https:\/\/nesu.fi\/de\/#website\"},\"primaryImageOfPage\":{\"@id\":\"https:\/\/nesu.fi\/de\/alltagsmasken\/#primaryimage\"},\"image\":{\"@id\":\"https:\/\/nesu.fi\/de\/alltagsmasken\/#primaryimage\"},\"thumbnailUrl\":\"https:\/\/nesu.fi\/wp-content\/uploads\/2020\/10\/multifoto-29-scaled.jpg\",\"datePublished\":\"2020-11-05T14:14:17+00:00\",\"dateModified\":\"2021-08-27T14:18:12+00:00\",\"breadcrumb\":{\"@id\":\"https:\/\/nesu.fi\/de\/alltagsmasken\/#breadcrumb\"},\"inLanguage\":\"de\",\"potentialAction\":[{\"@type\":\"ReadAction\",\"target\":[\"https:\/\/nesu.fi\/de\/alltagsmasken\/\"]}]},{\"@type\":\"ImageObject\",\"inLanguage\":\"de\",\"@id\":\"https:\/\/nesu.fi\/de\/alltagsmasken\/#primaryimage\",\"url\":\"https:\/\/nesu.fi\/wp-content\/uploads\/2020\/10\/multifoto-29-scaled.jpg\",\"contentUrl\":\"https:\/\/nesu.fi\/wp-content\/uploads\/2020\/10\/multifoto-29-scaled.jpg\",\"width\":2560,\"height\":1703},{\"@type\":\"BreadcrumbList\",\"@id\":\"https:\/\/nesu.fi\/de\/alltagsmasken\/#breadcrumb\",\"itemListElement\":[{\"@type\":\"ListItem\",\"position\":1,\"name\":\"Home\",\"item\":\"https:\/\/nesu.fi\/de\/\"},{\"@type\":\"ListItem\",\"position\":2,\"name\":\"Alltagsmasken\"}]},{\"@type\":\"WebSite\",\"@id\":\"https:\/\/nesu.fi\/de\/#website\",\"url\":\"https:\/\/nesu.fi\/de\/\",\"name\":\"NeSu - Kotimainen kansalaismaski\",\"description\":\"NeSu by Filterpak\",\"publisher\":{\"@id\":\"https:\/\/nesu.fi\/de\/#organization\"},\"potentialAction\":[{\"@type\":\"SearchAction\",\"target\":{\"@type\":\"EntryPoint\",\"urlTemplate\":\"https:\/\/nesu.fi\/de\/?s={search_term_string}\"},\"query-input\":{\"@type\":\"PropertyValueSpecification\",\"valueRequired\":true,\"valueName\":\"search_term_string\"}}],\"inLanguage\":\"de\"},{\"@type\":\"Organization\",\"@id\":\"https:\/\/nesu.fi\/de\/#organization\",\"name\":\"NeSu\",\"url\":\"https:\/\/nesu.fi\/de\/\",\"logo\":{\"@type\":\"ImageObject\",\"inLanguage\":\"de\",\"@id\":\"https:\/\/nesu.fi\/de\/#\/schema\/logo\/image\/\",\"url\":\"https:\/\/nesu.fi\/wp-content\/uploads\/2020\/05\/Nesu_logo.png\",\"contentUrl\":\"https:\/\/nesu.fi\/wp-content\/uploads\/2020\/05\/Nesu_logo.png\",\"width\":1000,\"height\":330,\"caption\":\"NeSu\"},\"image\":{\"@id\":\"https:\/\/nesu.fi\/de\/#\/schema\/logo\/image\/\"}}]}<\/script>\n<!-- \/ Yoast SEO plugin. -->","yoast_head_json":{"title":"Alltagsmasken - NeSu - Kotimainen kansalaismaski","robots":{"index":"index","follow":"follow","max-snippet":"max-snippet:-1","max-image-preview":"max-image-preview:large","max-video-preview":"max-video-preview:-1"},"canonical":"https:\/\/nesu.fi\/de\/alltagsmasken\/","og_locale":"de_DE","og_type":"article","og_title":"Alltagsmasken - NeSu - Kotimainen kansalaismaski","og_description":"[vc_row unlock_row_content=&#8220;yes&#8220; row_height_percent=&#8220;100&#8243; override_padding=&#8220;yes&#8220; h_padding=&#8220;0&#8243; top_padding=&#8220;0&#8243; bottom_padding=&#8220;0&#8243; back_color=&#8220;color-xsdn&#8220; overlay_alpha=&#8220;50&#8243; equal_height=&#8220;yes&#8220; gutter_size=&#8220;3&#8243; column_width_percent=&#8220;100&#8243; shift_y=&#8220;0&#8243; z_index=&#8220;0&#8243;][vc_column column_width_percent=&#8220;100&#8243; gutter_size=&#8220;3&#8243; expand_height=&#8220;yes&#8220; style=&#8220;dark&#8220; overlay_alpha=&#8220;50&#8243; shift_x=&#8220;0&#8243; [&hellip;]","og_url":"https:\/\/nesu.fi\/de\/alltagsmasken\/","og_site_name":"NeSu - Kotimainen kansalaismaski","article_modified_time":"2021-08-27T14:18:12+00:00","og_image":[{"width":2560,"height":1703,"url":"https:\/\/nesu.fi\/wp-content\/uploads\/2020\/10\/multifoto-29-scaled.jpg","type":"image\/jpeg"}],"twitter_card":"summary_large_image","twitter_misc":{"Gesch\u00e4tzte Lesezeit":"2\u00a0Minuten"},"schema":{"@context":"https:\/\/schema.org","@graph":[{"@type":"WebPage","@id":"https:\/\/nesu.fi\/de\/alltagsmasken\/","url":"https:\/\/nesu.fi\/de\/alltagsmasken\/","name":"Alltagsmasken - NeSu - Kotimainen kansalaismaski","isPartOf":{"@id":"https:\/\/nesu.fi\/de\/#website"},"primaryImageOfPage":{"@id":"https:\/\/nesu.fi\/de\/alltagsmasken\/#primaryimage"},"image":{"@id":"https:\/\/nesu.fi\/de\/alltagsmasken\/#primaryimage"},"thumbnailUrl":"https:\/\/nesu.fi\/wp-content\/uploads\/2020\/10\/multifoto-29-scaled.jpg","datePublished":"2020-11-05T14:14:17+00:00","dateModified":"2021-08-27T14:18:12+00:00","breadcrumb":{"@id":"https:\/\/nesu.fi\/de\/alltagsmasken\/#breadcrumb"},"inLanguage":"de","potentialAction":[{"@type":"ReadAction","target":["https:\/\/nesu.fi\/de\/alltagsmasken\/"]}]},{"@type":"ImageObject","inLanguage":"de","@id":"https:\/\/nesu.fi\/de\/alltagsmasken\/#primaryimage","url":"https:\/\/nesu.fi\/wp-content\/uploads\/2020\/10\/multifoto-29-scaled.jpg","contentUrl":"https:\/\/nesu.fi\/wp-content\/uploads\/2020\/10\/multifoto-29-scaled.jpg","width":2560,"height":1703},{"@type":"BreadcrumbList","@id":"https:\/\/nesu.fi\/de\/alltagsmasken\/#breadcrumb","itemListElement":[{"@type":"ListItem","position":1,"name":"Home","item":"https:\/\/nesu.fi\/de\/"},{"@type":"ListItem","position":2,"name":"Alltagsmasken"}]},{"@type":"WebSite","@id":"https:\/\/nesu.fi\/de\/#website","url":"https:\/\/nesu.fi\/de\/","name":"NeSu - Kotimainen kansalaismaski","description":"NeSu by Filterpak","publisher":{"@id":"https:\/\/nesu.fi\/de\/#organization"},"potentialAction":[{"@type":"SearchAction","target":{"@type":"EntryPoint","urlTemplate":"https:\/\/nesu.fi\/de\/?s={search_term_string}"},"query-input":{"@type":"PropertyValueSpecification","valueRequired":true,"valueName":"search_term_string"}}],"inLanguage":"de"},{"@type":"Organization","@id":"https:\/\/nesu.fi\/de\/#organization","name":"NeSu","url":"https:\/\/nesu.fi\/de\/","logo":{"@type":"ImageObject","inLanguage":"de","@id":"https:\/\/nesu.fi\/de\/#\/schema\/logo\/image\/","url":"https:\/\/nesu.fi\/wp-content\/uploads\/2020\/05\/Nesu_logo.png","contentUrl":"https:\/\/nesu.fi\/wp-content\/uploads\/2020\/05\/Nesu_logo.png","width":1000,"height":330,"caption":"NeSu"},"image":{"@id":"https:\/\/nesu.fi\/de\/#\/schema\/logo\/image\/"}}]}},"_links":{"self":[{"href":"https:\/\/nesu.fi\/de\/wp-json\/wp\/v2\/pages\/84453","targetHints":{"allow":["GET"]}}],"collection":[{"href":"https:\/\/nesu.fi\/de\/wp-json\/wp\/v2\/pages"}],"about":[{"href":"https:\/\/nesu.fi\/de\/wp-json\/wp\/v2\/types\/page"}],"author":[{"embeddable":true,"href":"https:\/\/nesu.fi\/de\/wp-json\/wp\/v2\/users\/1"}],"replies":[{"embeddable":true,"href":"https:\/\/nesu.fi\/de\/wp-json\/wp\/v2\/comments?post=84453"}],"version-history":[{"count":10,"href":"https:\/\/nesu.fi\/de\/wp-json\/wp\/v2\/pages\/84453\/revisions"}],"predecessor-version":[{"id":84647,"href":"https:\/\/nesu.fi\/de\/wp-json\/wp\/v2\/pages\/84453\/revisions\/84647"}],"wp:featuredmedia":[{"embeddable":true,"href":"https:\/\/nesu.fi\/de\/wp-json\/wp\/v2\/media\/84440"}],"wp:attachment":[{"href":"https:\/\/nesu.fi\/de\/wp-json\/wp\/v2\/media?parent=84453"}],"curies":[{"name":"wp","href":"https:\/\/api.w.org\/{rel}","templated":true}]}}