{"id":84477,"date":"2020-11-05T17:11:09","date_gmt":"2020-11-05T15:11:09","guid":{"rendered":"https:\/\/nesu.fi\/nesu-ultrasoft\/"},"modified":"2021-07-15T10:41:23","modified_gmt":"2021-07-15T07:41:23","slug":"nesu-ultrasoft","status":"publish","type":"page","link":"https:\/\/nesu.fi\/de\/nesu-ultrasoft\/","title":{"rendered":"NeSu UltraSoft"},"content":{"rendered":"<div class=\"wpb-content-wrapper\"><p>[vc_row unlock_row_content=&#8220;yes&#8220; row_height_percent=&#8220;0&#8243; override_padding=&#8220;yes&#8220; h_padding=&#8220;2&#8243; top_padding=&#8220;1&#8243; bottom_padding=&#8220;1&#8243; back_color=&#8220;color-xsdn&#8220; overlay_color=&#8220;color-xsdn&#8220; overlay_alpha=&#8220;90&#8243; equal_height=&#8220;yes&#8220; gutter_size=&#8220;3&#8243; column_width_percent=&#8220;100&#8243; shift_y=&#8220;0&#8243; z_index=&#8220;0&#8243; row_name=&#8220;Hello&#8220;][vc_column column_width_percent=&#8220;100&#8243; position_horizontal=&#8220;left&#8220; position_vertical=&#8220;middle&#8220; align_horizontal=&#8220;align_center&#8220; gutter_size=&#8220;3&#8243; overlay_alpha=&#8220;50&#8243; shift_x=&#8220;0&#8243; shift_y=&#8220;0&#8243; shift_y_down=&#8220;0&#8243; z_index=&#8220;0&#8243; medium_width=&#8220;4&#8243; mobile_width=&#8220;0&#8243; width=&#8220;1\/2&#8243;][vc_single_image media=&#8220;83985&#8243; media_width_percent=&#8220;100&#8243;][vc_empty_space empty_h=&#8220;2&#8243;][\/vc_column][vc_column column_width_percent=&#8220;80&#8243; position_vertical=&#8220;middle&#8220; gutter_size=&#8220;2&#8243; overlay_alpha=&#8220;50&#8243; shift_x=&#8220;0&#8243; shift_y=&#8220;0&#8243; shift_y_down=&#8220;0&#8243; z_index=&#8220;0&#8243; medium_width=&#8220;0&#8243; mobile_width=&#8220;0&#8243; width=&#8220;1\/2&#8243;][vc_custom_heading text_size=&#8220;fontsize-155944&#8243; text_space=&#8220;fontspace-781688&#8243; sub_lead=&#8220;yes&#8220; subheading=&#8220;NeSu UltraSoft ist eine Einwegmaske aus besonders weichem, hautschonendem Material.&#8220;]NeSu UltraSoft[\/vc_custom_heading][vc_empty_space empty_h=&#8220;2&#8243;][vc_row_inner row_inner_height_percent=&#8220;0&#8243; overlay_alpha=&#8220;50&#8243; equal_height=&#8220;yes&#8220; gutter_size=&#8220;2&#8243; preserve_border=&#8220;yes&#8220; preserve_border_tablet=&#8220;yes&#8220; preserve_border_mobile=&#8220;yes&#8220; shift_y=&#8220;0&#8243; z_index=&#8220;0&#8243; mobile_visibility=&#8220;yes&#8220; limit_content=&#8220;&#8220;][vc_column_inner column_width_percent=&#8220;100&#8243; gutter_size=&#8220;2&#8243; overlay_alpha=&#8220;50&#8243; shift_x=&#8220;0&#8243; shift_y=&#8220;0&#8243; shift_y_down=&#8220;0&#8243; z_index=&#8220;0&#8243; medium_width=&#8220;4&#8243; mobile_visibility=&#8220;yes&#8220; mobile_width=&#8220;0&#8243; width=&#8220;1\/2&#8243;][vc_icon position=&#8220;left&#8220; icon=&#8220;fa fa-heart&#8220; icon_color=&#8220;accent&#8220; heading_semantic=&#8220;h4&#8243; text_font=&#8220;font-329340&#8243; text_size=&#8220;h4&#8243; text_weight=&#8220;400&#8243; text_space=&#8220;fontspace-781688&#8243; title=&#8220;Hergestellt in Finnland&#8220;][\/vc_icon][vc_icon position=&#8220;left&#8220; icon=&#8220;fa fa-th-menu&#8220; icon_color=&#8220;accent&#8220; heading_semantic=&#8220;h4&#8243; text_font=&#8220;font-329340&#8243; text_size=&#8220;h4&#8243; text_weight=&#8220;400&#8243; text_space=&#8220;fontspace-781688&#8243; title=&#8220;Besonders weiches Material&#8220;][\/vc_icon][vc_icon position=&#8220;left&#8220; icon=&#8220;fa fa-exclamation&#8220; icon_color=&#8220;accent&#8220; heading_semantic=&#8220;h4&#8243; text_font=&#8220;font-329340&#8243; text_size=&#8220;h4&#8243; text_weight=&#8220;400&#8243; text_space=&#8220;fontspace-781688&#8243; title=&#8220;Keine pers\u00f6nliche Schutzwirkung&#8220;][\/vc_icon][\/vc_column_inner][vc_column_inner column_width_percent=&#8220;100&#8243; gutter_size=&#8220;2&#8243; overlay_alpha=&#8220;50&#8243; shift_x=&#8220;0&#8243; shift_y=&#8220;0&#8243; shift_y_down=&#8220;0&#8243; z_index=&#8220;0&#8243; medium_width=&#8220;0&#8243; mobile_width=&#8220;0&#8243; width=&#8220;1\/2&#8243;][vc_icon position=&#8220;left&#8220; icon=&#8220;fa fa-repeat&#8220; icon_color=&#8220;accent&#8220; heading_semantic=&#8220;h4&#8243; text_font=&#8220;font-329340&#8243; text_size=&#8220;h4&#8243; text_weight=&#8220;400&#8243; text_space=&#8220;fontspace-781688&#8243; title=&#8220;Einwegmaske&#8220;][\/vc_icon][vc_icon position=&#8220;left&#8220; icon=&#8220;fa fa-spinner&#8220; icon_color=&#8220;accent&#8220; heading_semantic=&#8220;h4&#8243; text_font=&#8220;font-329340&#8243; text_size=&#8220;h4&#8243; text_weight=&#8220;400&#8243; text_space=&#8220;fontspace-781688&#8243; title=&#8220;Filtrationseffizienz mind. 90 %&#8220;][\/vc_icon][vc_icon position=&#8220;left&#8220; icon=&#8220;fa fa-close&#8220; icon_color=&#8220;accent&#8220; heading_semantic=&#8220;h4&#8243; text_font=&#8220;font-329340&#8243; text_size=&#8220;h4&#8243; text_weight=&#8220;400&#8243; text_space=&#8220;fontspace-781688&#8243; title=&#8220;Nicht f\u00fcr medizinische Zwecke&#8220;][\/vc_icon][\/vc_column_inner][\/vc_row_inner][\/vc_column][\/vc_row][vc_row row_height_percent=&#8220;0&#8243; override_padding=&#8220;yes&#8220; h_padding=&#8220;2&#8243; top_padding=&#8220;2&#8243; bottom_padding=&#8220;3&#8243; overlay_alpha=&#8220;50&#8243; gutter_size=&#8220;3&#8243; column_width_percent=&#8220;100&#8243; shift_y=&#8220;0&#8243; z_index=&#8220;0&#8243; desktop_visibility=&#8220;yes&#8220; medium_visibility=&#8220;yes&#8220;][vc_column width=&#8220;1\/1&#8243;][vc_icon position=&#8220;left&#8220; icon=&#8220;fa fa-heart&#8220; icon_color=&#8220;accent&#8220; heading_semantic=&#8220;h4&#8243; text_font=&#8220;font-329340&#8243; text_size=&#8220;h4&#8243; text_weight=&#8220;400&#8243; text_space=&#8220;fontspace-781688&#8243; title=&#8220;Tehty Suomessa&#8220;][\/vc_icon][vc_icon position=&#8220;left&#8220; icon=&#8220;fa fa-th-menu&#8220; icon_color=&#8220;accent&#8220; heading_semantic=&#8220;h4&#8243; text_font=&#8220;font-329340&#8243; text_size=&#8220;h4&#8243; text_weight=&#8220;400&#8243; text_space=&#8220;fontspace-781688&#8243; title=&#8220;Eritt\u00e4in pehme\u00e4 materiaali&#8220;][\/vc_icon][vc_icon position=&#8220;left&#8220; icon=&#8220;fa fa-exclamation&#8220; icon_color=&#8220;accent&#8220; heading_semantic=&#8220;h4&#8243; text_font=&#8220;font-329340&#8243; text_size=&#8220;h4&#8243; text_weight=&#8220;400&#8243; text_space=&#8220;fontspace-781688&#8243; title=&#8220;Tuote ei ole henkil\u00f6nsuojain&#8220;][\/vc_icon][vc_icon position=&#8220;left&#8220; icon=&#8220;fa fa-repeat&#8220; icon_color=&#8220;accent&#8220; heading_semantic=&#8220;h4&#8243; text_font=&#8220;font-329340&#8243; text_size=&#8220;h4&#8243; text_weight=&#8220;400&#8243; text_space=&#8220;fontspace-781688&#8243; title=&#8220;Kertak\u00e4ytt\u00f6inen&#8220;][\/vc_icon][vc_icon position=&#8220;left&#8220; icon=&#8220;fa fa-spinner&#8220; icon_color=&#8220;accent&#8220; heading_semantic=&#8220;h4&#8243; text_font=&#8220;font-329340&#8243; text_size=&#8220;h4&#8243; text_weight=&#8220;400&#8243; text_space=&#8220;fontspace-781688&#8243; title=&#8220;Mind. 90% Filtrationseffizenz&#8220;][\/vc_icon][vc_icon position=&#8220;left&#8220; icon=&#8220;fa fa-close&#8220; icon_color=&#8220;accent&#8220; heading_semantic=&#8220;h4&#8243; text_font=&#8220;font-329340&#8243; text_size=&#8220;h4&#8243; text_weight=&#8220;400&#8243; text_space=&#8220;fontspace-781688&#8243; title=&#8220;Ei l\u00e4\u00e4ketieteelliseen k\u00e4ytt\u00f6\u00f6n&#8220;][\/vc_icon][\/vc_column][\/vc_row][vc_row unlock_row_content=&#8220;yes&#8220; row_height_percent=&#8220;100&#8243; override_padding=&#8220;yes&#8220; h_padding=&#8220;2&#8243; top_padding=&#8220;0&#8243; bottom_padding=&#8220;2&#8243; back_color=&#8220;color-xsdn&#8220; overlay_alpha=&#8220;40&#8243; equal_height=&#8220;yes&#8220; gutter_size=&#8220;0&#8243; column_width_use_pixel=&#8220;yes&#8220; shift_y=&#8220;0&#8243; z_index=&#8220;0&#8243; row_name=&#8220;Welcome&#8220;][vc_column column_width_use_pixel=&#8220;yes&#8220; position_vertical=&#8220;middle&#8220; align_horizontal=&#8220;align_center&#8220; gutter_size=&#8220;3&#8243; overlay_alpha=&#8220;50&#8243; shift_x=&#8220;0&#8243; shift_y=&#8220;0&#8243; shift_y_down=&#8220;0&#8243; z_index=&#8220;0&#8243; medium_width=&#8220;0&#8243; mobile_width=&#8220;0&#8243; width=&#8220;1\/2&#8243;][vc_row_inner row_inner_height_percent=&#8220;0&#8243; overlay_alpha=&#8220;50&#8243; gutter_size=&#8220;3&#8243; shift_y=&#8220;0&#8243; z_index=&#8220;0&#8243; limit_content=&#8220;&#8220;][vc_column_inner column_width_use_pixel=&#8220;yes&#8220; position_vertical=&#8220;middle&#8220; gutter_size=&#8220;3&#8243; overlay_alpha=&#8220;50&#8243; shift_x=&#8220;0&#8243; shift_y=&#8220;0&#8243; shift_y_down=&#8220;0&#8243; z_index=&#8220;0&#8243; medium_width=&#8220;0&#8243; mobile_width=&#8220;0&#8243; width=&#8220;1\/1&#8243; column_width_pixel=&#8220;600&#8243;][vc_custom_heading heading_semantic=&#8220;h1&#8243; text_size=&#8220;fontsize-155944&#8243;]Gebrauchsanweisung Mund-Nasen-Bedeckung[\/vc_custom_heading][vc_custom_heading heading_semantic=&#8220;p&#8220; text_size=&#8220;h3&#8243;]<\/p>\n<div class=\"uncode_text_column\">\n<p>Bitte lesen Sie die Gebrauchsanweisung vor Gebrauch.<\/p>\n<\/div>\n<p>[\/vc_custom_heading][vc_custom_heading heading_semantic=&#8220;p&#8220; text_size=&#8220;h3&#8243;]<\/p>\n<div class=\"uncode_text_column\">\n<div class=\"uncode_text_column\">\n<p><strong>Gebrauchsanweisung lesen:<\/strong><\/p>\n<\/div>\n<\/div>\n<p>[\/vc_custom_heading][vc_empty_space empty_h=&#8220;1&#8243; mobile_visibility=&#8220;yes&#8220;][vc_button radius=&#8220;btn-circle&#8220; outline=&#8220;yes&#8220; text_skin=&#8220;yes&#8220; border_width=&#8220;0&#8243; display=&#8220;inline&#8220; link=&#8220;url:https%3A%2F%2Fnesu.fi%2Fwp-content%2Fuploads%2F2020%2F08%2FNeSu_Ohjeet.pdf||target:%20_blank|&#8220;]K\u00e4ytt\u00f6ohjeet[\/vc_button][vc_button radius=&#8220;btn-circle&#8220; outline=&#8220;yes&#8220; text_skin=&#8220;yes&#8220; border_width=&#8220;0&#8243; display=&#8220;inline&#8220; link=&#8220;url:https%3A%2F%2Fnesu.fi%2Fwp-content%2Fuploads%2F2020%2F08%2FNesu_-instructions.pdf||target:%20_blank|&#8220;]Instructions[\/vc_button][vc_button radius=&#8220;btn-circle&#8220; outline=&#8220;yes&#8220; text_skin=&#8220;yes&#8220; border_width=&#8220;0&#8243; display=&#8220;inline&#8220; link=&#8220;url:https%3A%2F%2Fnesu.fi%2Fwp-content%2Fuploads%2F2020%2F08%2FNesu_-bruksanvisningen.pdf||target:%20_blank|&#8220;]Bruksanvisningen[\/vc_button][vc_empty_space empty_h=&#8220;4&#8243; mobile_visibility=&#8220;yes&#8220;][\/vc_column_inner][\/vc_row_inner][\/vc_column][vc_column column_width_percent=&#8220;100&#8243; gutter_size=&#8220;3&#8243; back_image=&#8220;83035&#8243; overlay_alpha=&#8220;50&#8243; shift_x=&#8220;0&#8243; shift_y=&#8220;0&#8243; shift_y_down=&#8220;0&#8243; z_index=&#8220;0&#8243; medium_width=&#8220;0&#8243; mobile_visibility=&#8220;yes&#8220; mobile_width=&#8220;0&#8243; css_animation=&#8220;alpha-anim&#8220; width=&#8220;1\/2&#8243;][\/vc_column][\/vc_row][vc_row][vc_column width=&#8220;1\/1&#8243;][vc_empty_space empty_h=&#8220;1&#8243; desktop_visibility=&#8220;yes&#8220; medium_visibility=&#8220;yes&#8220;][\/vc_column][\/vc_row][vc_row row_height_percent=&#8220;60&#8243; override_padding=&#8220;yes&#8220; h_padding=&#8220;2&#8243; top_padding=&#8220;4&#8243; bottom_padding=&#8220;4&#8243; back_image=&#8220;83036&#8243; parallax=&#8220;yes&#8220; overlay_color=&#8220;color-nhtu&#8220; overlay_alpha=&#8220;41&#8243; gutter_size=&#8220;4&#8243; column_width_percent=&#8220;100&#8243; shift_y=&#8220;0&#8243; z_index=&#8220;0&#8243;][vc_column column_width_percent=&#8220;100&#8243; position_vertical=&#8220;middle&#8220; align_horizontal=&#8220;align_center&#8220; gutter_size=&#8220;2&#8243; style=&#8220;dark&#8220; overlay_alpha=&#8220;50&#8243; shift_x=&#8220;0&#8243; shift_y=&#8220;0&#8243; z_index=&#8220;0&#8243; medium_width=&#8220;0&#8243; mobile_width=&#8220;0&#8243; css_animation=&#8220;zoom-in&#8220; animation_delay=&#8220;200&#8243; width=&#8220;1\/2&#8243;][uncode_counter value=&#8220;90&#8243; prefix=&#8220;Mind.&#8220; font=&#8220;font-329340&#8243; size=&#8220;fontsize-338686&#8243; weight=&#8220;300&#8243; height=&#8220;fontheight-179065&#8243; suffix=&#8220;%&#8220;][vc_custom_heading text_font=&#8220;font-329340&#8243; text_size=&#8220;h3&#8243; text_weight=&#8220;400&#8243; text_height=&#8220;fontheight-357766&#8243; text_space=&#8220;fontspace-781688&#8243;]Filtrationseffizenz.[\/vc_custom_heading][\/vc_column][vc_column column_width_percent=&#8220;100&#8243; position_vertical=&#8220;middle&#8220; align_horizontal=&#8220;align_center&#8220; gutter_size=&#8220;2&#8243; style=&#8220;dark&#8220; overlay_alpha=&#8220;50&#8243; shift_x=&#8220;0&#8243; shift_y=&#8220;0&#8243; z_index=&#8220;0&#8243; medium_width=&#8220;0&#8243; mobile_width=&#8220;0&#8243; css_animation=&#8220;zoom-in&#8220; animation_delay=&#8220;400&#8243; width=&#8220;1\/2&#8243;][vc_icon position=&#8220;left&#8220; icon=&#8220;fa fa-heart&#8220; icon_color=&#8220;color-xsdn&#8220; size=&#8220;fa-5x&#8220; heading_semantic=&#8220;h4&#8243; text_font=&#8220;font-329340&#8243; text_size=&#8220;h4&#8243; text_weight=&#8220;400&#8243; text_space=&#8220;fontspace-781688&#8243;][\/vc_icon][vc_custom_heading text_font=&#8220;font-329340&#8243; text_size=&#8220;h3&#8243; text_weight=&#8220;400&#8243; text_height=&#8220;fontheight-357766&#8243; text_space=&#8220;fontspace-781688&#8243;]Hergestellt aus besonders<br \/>\nweichem Material.[\/vc_custom_heading][\/vc_column][\/vc_row][vc_row row_height_percent=&#8220;0&#8243; override_padding=&#8220;yes&#8220; h_padding=&#8220;2&#8243; top_padding=&#8220;3&#8243; bottom_padding=&#8220;3&#8243; overlay_alpha=&#8220;100&#8243; gutter_size=&#8220;100&#8243; column_width_percent=&#8220;100&#8243; shift_y=&#8220;0&#8243; z_index=&#8220;0&#8243; mobile_visibility=&#8220;yes&#8220; style=&#8220;inherited&#8220;][vc_column column_width_percent=&#8220;80&#8243; align_horizontal=&#8220;align_center&#8220; gutter_size=&#8220;5&#8243; overlay_alpha=&#8220;50&#8243; shift_x=&#8220;0&#8243; shift_y=&#8220;0&#8243; shift_y_down=&#8220;0&#8243; z_index=&#8220;0&#8243; medium_width=&#8220;0&#8243; mobile_width=&#8220;0&#8243; zoom_width=&#8220;0&#8243; zoom_height=&#8220;0&#8243; width=&#8220;1\/1&#8243;][vc_gallery el_id=&#8220;gallery-12&#8243; medias=&#8220;83038,83985&#8243; gutter_size=&#8220;3&#8243; media_items=&#8220;media|lightbox|poster&#8220; screen_lg=&#8220;1200&#8243; screen_md=&#8220;600&#8243; screen_sm=&#8220;480&#8243; single_width=&#8220;5&#8243; images_size=&#8220;one-one&#8220; single_overlay_color=&#8220;color-155748&#8243; single_overlay_opacity=&#8220;60&#8243; single_text_anim=&#8220;no&#8220; single_image_anim=&#8220;no&#8220; single_h_align=&#8220;center&#8220; single_padding=&#8220;2&#8243; single_text_reduced=&#8220;yes&#8220; single_icon=&#8220;fa fa-search3&#8243; single_border=&#8220;yes&#8220; lbox_caption=&#8220;yes&#8220; no_double_tap=&#8220;yes&#8220; carousel_rtl=&#8220;&#8220; single_title_uppercase=&#8220;&#8220; single_title_bold=&#8220;&#8220; single_title_serif=&#8220;&#8220; onclick=&#8220;link_image&#8220; custom_links_target=&#8220;_self&#8220; items=&#8220;eyI4ODY4X2kiOnsic2luZ2xlX3dpZHRoIjoiNCIsInNpbmdsZV9oZWlnaHQiOiI0In0sIjg4NjJfaSI6eyJzaW5nbGVfd2lkdGgiOiI0Iiwic2luZ2xlX2hlaWdodCI6IjQifSwiODg2MF9pIjp7InNpbmdsZV93aWR0aCI6IjQiLCJzaW5nbGVfaGVpZ2h0IjoiNCJ9LCIyNjIxOF9pIjp7InNpbmdsZV93aWR0aCI6IjQiLCJzaW5nbGVfaGVpZ2h0IjoiNCJ9LCIyNjIyNF9pIjp7InNpbmdsZV93aWR0aCI6IjQiLCJzaW5nbGVfaGVpZ2h0IjoiNCJ9LCIyNjIyMl9pIjp7InNpbmdsZV93aWR0aCI6IjQiLCJzaW5nbGVfaGVpZ2h0IjoiNCJ9LCIyNjIyOV9pIjp7InNpbmdsZV93aWR0aCI6IjQiLCJzaW5nbGVfaGVpZ2h0IjoiNCJ9fQ==&#8220; single_half_padding=&#8220;&#8220; single_no_background=&#8220;&#8220;][\/vc_column][\/vc_row]<\/p>\n<\/div>","protected":false},"excerpt":{"rendered":"<p>[vc_row unlock_row_content=&#8220;yes&#8220; row_height_percent=&#8220;0&#8243; override_padding=&#8220;yes&#8220; h_padding=&#8220;2&#8243; top_padding=&#8220;1&#8243; bottom_padding=&#8220;1&#8243; back_color=&#8220;color-xsdn&#8220; overlay_color=&#8220;color-xsdn&#8220; overlay_alpha=&#8220;90&#8243; equal_height=&#8220;yes&#8220; gutter_size=&#8220;3&#8243; column_width_percent=&#8220;100&#8243; shift_y=&#8220;0&#8243; z_index=&#8220;0&#8243; row_name=&#8220;Hello&#8220;][vc_column column_width_percent=&#8220;100&#8243; position_horizontal=&#8220;left&#8220; position_vertical=&#8220;middle&#8220; align_horizontal=&#8220;align_center&#8220; [&hellip;]<\/p>\n","protected":false},"author":1,"featured_media":84472,"parent":0,"menu_order":0,"comment_status":"closed","ping_status":"closed","template":"","meta":{"_monsterinsights_skip_tracking":false,"_monsterinsights_sitenote_active":false,"_monsterinsights_sitenote_note":"","_monsterinsights_sitenote_category":0,"footnotes":""},"class_list":["post-84477","page","type-page","status-publish","has-post-thumbnail","hentry"],"yoast_head":"<!-- This site is optimized with the Yoast SEO plugin v26.3 - https:\/\/yoast.com\/wordpress\/plugins\/seo\/ -->\n<title>NeSu UltraSoft - NeSu - Kotimainen kansalaismaski<\/title>\n<meta name=\"robots\" content=\"index, follow, max-snippet:-1, max-image-preview:large, max-video-preview:-1\" \/>\n<link rel=\"canonical\" href=\"https:\/\/nesu.fi\/de\/nesu-ultrasoft\/\" \/>\n<meta property=\"og:locale\" content=\"de_DE\" \/>\n<meta property=\"og:type\" content=\"article\" \/>\n<meta property=\"og:title\" content=\"NeSu UltraSoft - NeSu - Kotimainen kansalaismaski\" \/>\n<meta property=\"og:description\" content=\"[vc_row unlock_row_content=&#8220;yes&#8220; row_height_percent=&#8220;0&#8243; override_padding=&#8220;yes&#8220; h_padding=&#8220;2&#8243; top_padding=&#8220;1&#8243; bottom_padding=&#8220;1&#8243; back_color=&#8220;color-xsdn&#8220; overlay_color=&#8220;color-xsdn&#8220; overlay_alpha=&#8220;90&#8243; equal_height=&#8220;yes&#8220; gutter_size=&#8220;3&#8243; column_width_percent=&#8220;100&#8243; shift_y=&#8220;0&#8243; z_index=&#8220;0&#8243; row_name=&#8220;Hello&#8220;][vc_column column_width_percent=&#8220;100&#8243; position_horizontal=&#8220;left&#8220; position_vertical=&#8220;middle&#8220; align_horizontal=&#8220;align_center&#8220; [&hellip;]\" \/>\n<meta property=\"og:url\" content=\"https:\/\/nesu.fi\/de\/nesu-ultrasoft\/\" \/>\n<meta property=\"og:site_name\" content=\"NeSu - Kotimainen kansalaismaski\" \/>\n<meta property=\"article:modified_time\" content=\"2021-07-15T07:41:23+00:00\" \/>\n<meta property=\"og:image\" content=\"https:\/\/nesu.fi\/wp-content\/uploads\/2020\/10\/multifoto-41-scaled.jpg\" \/>\n\t<meta property=\"og:image:width\" content=\"2560\" \/>\n\t<meta property=\"og:image:height\" content=\"1703\" \/>\n\t<meta property=\"og:image:type\" content=\"image\/jpeg\" \/>\n<meta name=\"twitter:card\" content=\"summary_large_image\" \/>\n<meta name=\"twitter:label1\" content=\"Gesch\u00e4tzte Lesezeit\" \/>\n\t<meta name=\"twitter:data1\" content=\"3\u00a0Minuten\" \/>\n<script type=\"application\/ld+json\" class=\"yoast-schema-graph\">{\"@context\":\"https:\/\/schema.org\",\"@graph\":[{\"@type\":\"WebPage\",\"@id\":\"https:\/\/nesu.fi\/de\/nesu-ultrasoft\/\",\"url\":\"https:\/\/nesu.fi\/de\/nesu-ultrasoft\/\",\"name\":\"NeSu UltraSoft - NeSu - Kotimainen kansalaismaski\",\"isPartOf\":{\"@id\":\"https:\/\/nesu.fi\/de\/#website\"},\"primaryImageOfPage\":{\"@id\":\"https:\/\/nesu.fi\/de\/nesu-ultrasoft\/#primaryimage\"},\"image\":{\"@id\":\"https:\/\/nesu.fi\/de\/nesu-ultrasoft\/#primaryimage\"},\"thumbnailUrl\":\"https:\/\/nesu.fi\/wp-content\/uploads\/2020\/10\/multifoto-41-scaled.jpg\",\"datePublished\":\"2020-11-05T15:11:09+00:00\",\"dateModified\":\"2021-07-15T07:41:23+00:00\",\"breadcrumb\":{\"@id\":\"https:\/\/nesu.fi\/de\/nesu-ultrasoft\/#breadcrumb\"},\"inLanguage\":\"de\",\"potentialAction\":[{\"@type\":\"ReadAction\",\"target\":[\"https:\/\/nesu.fi\/de\/nesu-ultrasoft\/\"]}]},{\"@type\":\"ImageObject\",\"inLanguage\":\"de\",\"@id\":\"https:\/\/nesu.fi\/de\/nesu-ultrasoft\/#primaryimage\",\"url\":\"https:\/\/nesu.fi\/wp-content\/uploads\/2020\/10\/multifoto-41-scaled.jpg\",\"contentUrl\":\"https:\/\/nesu.fi\/wp-content\/uploads\/2020\/10\/multifoto-41-scaled.jpg\",\"width\":2560,\"height\":1703,\"caption\":\"Lue lis\u00e4\u00e4\"},{\"@type\":\"BreadcrumbList\",\"@id\":\"https:\/\/nesu.fi\/de\/nesu-ultrasoft\/#breadcrumb\",\"itemListElement\":[{\"@type\":\"ListItem\",\"position\":1,\"name\":\"Home\",\"item\":\"https:\/\/nesu.fi\/de\/\"},{\"@type\":\"ListItem\",\"position\":2,\"name\":\"NeSu UltraSoft\"}]},{\"@type\":\"WebSite\",\"@id\":\"https:\/\/nesu.fi\/de\/#website\",\"url\":\"https:\/\/nesu.fi\/de\/\",\"name\":\"NeSu - Kotimainen kansalaismaski\",\"description\":\"NeSu by Filterpak\",\"publisher\":{\"@id\":\"https:\/\/nesu.fi\/de\/#organization\"},\"potentialAction\":[{\"@type\":\"SearchAction\",\"target\":{\"@type\":\"EntryPoint\",\"urlTemplate\":\"https:\/\/nesu.fi\/de\/?s={search_term_string}\"},\"query-input\":{\"@type\":\"PropertyValueSpecification\",\"valueRequired\":true,\"valueName\":\"search_term_string\"}}],\"inLanguage\":\"de\"},{\"@type\":\"Organization\",\"@id\":\"https:\/\/nesu.fi\/de\/#organization\",\"name\":\"NeSu\",\"url\":\"https:\/\/nesu.fi\/de\/\",\"logo\":{\"@type\":\"ImageObject\",\"inLanguage\":\"de\",\"@id\":\"https:\/\/nesu.fi\/de\/#\/schema\/logo\/image\/\",\"url\":\"https:\/\/nesu.fi\/wp-content\/uploads\/2020\/05\/Nesu_logo.png\",\"contentUrl\":\"https:\/\/nesu.fi\/wp-content\/uploads\/2020\/05\/Nesu_logo.png\",\"width\":1000,\"height\":330,\"caption\":\"NeSu\"},\"image\":{\"@id\":\"https:\/\/nesu.fi\/de\/#\/schema\/logo\/image\/\"}}]}<\/script>\n<!-- \/ Yoast SEO plugin. -->","yoast_head_json":{"title":"NeSu UltraSoft - NeSu - Kotimainen kansalaismaski","robots":{"index":"index","follow":"follow","max-snippet":"max-snippet:-1","max-image-preview":"max-image-preview:large","max-video-preview":"max-video-preview:-1"},"canonical":"https:\/\/nesu.fi\/de\/nesu-ultrasoft\/","og_locale":"de_DE","og_type":"article","og_title":"NeSu UltraSoft - NeSu - Kotimainen kansalaismaski","og_description":"[vc_row unlock_row_content=&#8220;yes&#8220; row_height_percent=&#8220;0&#8243; override_padding=&#8220;yes&#8220; h_padding=&#8220;2&#8243; top_padding=&#8220;1&#8243; bottom_padding=&#8220;1&#8243; back_color=&#8220;color-xsdn&#8220; overlay_color=&#8220;color-xsdn&#8220; overlay_alpha=&#8220;90&#8243; equal_height=&#8220;yes&#8220; gutter_size=&#8220;3&#8243; column_width_percent=&#8220;100&#8243; shift_y=&#8220;0&#8243; z_index=&#8220;0&#8243; row_name=&#8220;Hello&#8220;][vc_column column_width_percent=&#8220;100&#8243; position_horizontal=&#8220;left&#8220; position_vertical=&#8220;middle&#8220; align_horizontal=&#8220;align_center&#8220; [&hellip;]","og_url":"https:\/\/nesu.fi\/de\/nesu-ultrasoft\/","og_site_name":"NeSu - Kotimainen kansalaismaski","article_modified_time":"2021-07-15T07:41:23+00:00","og_image":[{"width":2560,"height":1703,"url":"https:\/\/nesu.fi\/wp-content\/uploads\/2020\/10\/multifoto-41-scaled.jpg","type":"image\/jpeg"}],"twitter_card":"summary_large_image","twitter_misc":{"Gesch\u00e4tzte Lesezeit":"3\u00a0Minuten"},"schema":{"@context":"https:\/\/schema.org","@graph":[{"@type":"WebPage","@id":"https:\/\/nesu.fi\/de\/nesu-ultrasoft\/","url":"https:\/\/nesu.fi\/de\/nesu-ultrasoft\/","name":"NeSu UltraSoft - NeSu - Kotimainen kansalaismaski","isPartOf":{"@id":"https:\/\/nesu.fi\/de\/#website"},"primaryImageOfPage":{"@id":"https:\/\/nesu.fi\/de\/nesu-ultrasoft\/#primaryimage"},"image":{"@id":"https:\/\/nesu.fi\/de\/nesu-ultrasoft\/#primaryimage"},"thumbnailUrl":"https:\/\/nesu.fi\/wp-content\/uploads\/2020\/10\/multifoto-41-scaled.jpg","datePublished":"2020-11-05T15:11:09+00:00","dateModified":"2021-07-15T07:41:23+00:00","breadcrumb":{"@id":"https:\/\/nesu.fi\/de\/nesu-ultrasoft\/#breadcrumb"},"inLanguage":"de","potentialAction":[{"@type":"ReadAction","target":["https:\/\/nesu.fi\/de\/nesu-ultrasoft\/"]}]},{"@type":"ImageObject","inLanguage":"de","@id":"https:\/\/nesu.fi\/de\/nesu-ultrasoft\/#primaryimage","url":"https:\/\/nesu.fi\/wp-content\/uploads\/2020\/10\/multifoto-41-scaled.jpg","contentUrl":"https:\/\/nesu.fi\/wp-content\/uploads\/2020\/10\/multifoto-41-scaled.jpg","width":2560,"height":1703,"caption":"Lue lis\u00e4\u00e4"},{"@type":"BreadcrumbList","@id":"https:\/\/nesu.fi\/de\/nesu-ultrasoft\/#breadcrumb","itemListElement":[{"@type":"ListItem","position":1,"name":"Home","item":"https:\/\/nesu.fi\/de\/"},{"@type":"ListItem","position":2,"name":"NeSu UltraSoft"}]},{"@type":"WebSite","@id":"https:\/\/nesu.fi\/de\/#website","url":"https:\/\/nesu.fi\/de\/","name":"NeSu - Kotimainen kansalaismaski","description":"NeSu by Filterpak","publisher":{"@id":"https:\/\/nesu.fi\/de\/#organization"},"potentialAction":[{"@type":"SearchAction","target":{"@type":"EntryPoint","urlTemplate":"https:\/\/nesu.fi\/de\/?s={search_term_string}"},"query-input":{"@type":"PropertyValueSpecification","valueRequired":true,"valueName":"search_term_string"}}],"inLanguage":"de"},{"@type":"Organization","@id":"https:\/\/nesu.fi\/de\/#organization","name":"NeSu","url":"https:\/\/nesu.fi\/de\/","logo":{"@type":"ImageObject","inLanguage":"de","@id":"https:\/\/nesu.fi\/de\/#\/schema\/logo\/image\/","url":"https:\/\/nesu.fi\/wp-content\/uploads\/2020\/05\/Nesu_logo.png","contentUrl":"https:\/\/nesu.fi\/wp-content\/uploads\/2020\/05\/Nesu_logo.png","width":1000,"height":330,"caption":"NeSu"},"image":{"@id":"https:\/\/nesu.fi\/de\/#\/schema\/logo\/image\/"}}]}},"_links":{"self":[{"href":"https:\/\/nesu.fi\/de\/wp-json\/wp\/v2\/pages\/84477","targetHints":{"allow":["GET"]}}],"collection":[{"href":"https:\/\/nesu.fi\/de\/wp-json\/wp\/v2\/pages"}],"about":[{"href":"https:\/\/nesu.fi\/de\/wp-json\/wp\/v2\/types\/page"}],"author":[{"embeddable":true,"href":"https:\/\/nesu.fi\/de\/wp-json\/wp\/v2\/users\/1"}],"replies":[{"embeddable":true,"href":"https:\/\/nesu.fi\/de\/wp-json\/wp\/v2\/comments?post=84477"}],"version-history":[{"count":7,"href":"https:\/\/nesu.fi\/de\/wp-json\/wp\/v2\/pages\/84477\/revisions"}],"predecessor-version":[{"id":84548,"href":"https:\/\/nesu.fi\/de\/wp-json\/wp\/v2\/pages\/84477\/revisions\/84548"}],"wp:featuredmedia":[{"embeddable":true,"href":"https:\/\/nesu.fi\/de\/wp-json\/wp\/v2\/media\/84472"}],"wp:attachment":[{"href":"https:\/\/nesu.fi\/de\/wp-json\/wp\/v2\/media?parent=84477"}],"curies":[{"name":"wp","href":"https:\/\/api.w.org\/{rel}","templated":true}]}}