{"id":84703,"date":"2021-09-14T13:38:56","date_gmt":"2021-09-14T10:38:56","guid":{"rendered":"https:\/\/nesu.fi\/?page_id=84703"},"modified":"2025-11-06T09:43:59","modified_gmt":"2025-11-06T07:43:59","slug":"nesu-professional-type-iir","status":"publish","type":"page","link":"https:\/\/nesu.fi\/de\/nesu-professional-type-iir\/","title":{"rendered":"NeSu Professional Type IIR"},"content":{"rendered":"<div class=\"wpb-content-wrapper\"><p>[vc_row unlock_row_content=&#8220;yes&#8220; row_height_percent=&#8220;0&#8243; override_padding=&#8220;yes&#8220; h_padding=&#8220;2&#8243; top_padding=&#8220;2&#8243; bottom_padding=&#8220;2&#8243; back_color=&#8220;color-xsdn&#8220; overlay_color=&#8220;color-xsdn&#8220; overlay_alpha=&#8220;90&#8243; equal_height=&#8220;yes&#8220; gutter_size=&#8220;3&#8243; column_width_percent=&#8220;100&#8243; shift_y=&#8220;0&#8243; z_index=&#8220;0&#8243; row_name=&#8220;Hello&#8220;][vc_column column_width_percent=&#8220;100&#8243; position_horizontal=&#8220;left&#8220; position_vertical=&#8220;middle&#8220; align_horizontal=&#8220;align_center&#8220; gutter_size=&#8220;3&#8243; overlay_alpha=&#8220;50&#8243; shift_x=&#8220;0&#8243; shift_y=&#8220;0&#8243; shift_y_down=&#8220;0&#8243; z_index=&#8220;0&#8243; medium_width=&#8220;4&#8243; mobile_width=&#8220;0&#8243; width=&#8220;1\/2&#8243;][vc_gallery el_id=&#8220;gallery-144712&#8243; type=&#8220;carousel&#8220; medias=&#8220;84958,84953&#8243; carousel_lg=&#8220;1&#8243; carousel_md=&#8220;1&#8243; carousel_sm=&#8220;1&#8243; gutter_size=&#8220;2&#8243; carousel_interval=&#8220;3000&#8243; carousel_navspeed=&#8220;400&#8243; carousel_loop=&#8220;yes&#8220; carousel_nav=&#8220;yes&#8220; carousel_dots=&#8220;yes&#8220; stage_padding=&#8220;0&#8243; single_overlay_opacity=&#8220;50&#8243; single_padding=&#8220;2&#8243; uncode_shortcode_id=&#8220;161476&#8243;][\/vc_column][vc_column column_width_percent=&#8220;80&#8243; position_vertical=&#8220;middle&#8220; gutter_size=&#8220;2&#8243; overlay_alpha=&#8220;50&#8243; shift_x=&#8220;0&#8243; shift_y=&#8220;0&#8243; shift_y_down=&#8220;0&#8243; z_index=&#8220;0&#8243; medium_width=&#8220;0&#8243; mobile_width=&#8220;0&#8243; width=&#8220;1\/2&#8243;][vc_custom_heading text_size=&#8220;fontsize-155944&#8243; text_space=&#8220;fontspace-781688&#8243; sub_lead=&#8220;yes&#8220; sub_reduced=&#8220;yes&#8220; subheading=&#8220;<b>Neuheit!<\/b>&#8220; uncode_shortcode_id=&#8220;417917&#8243;]NeSu Professional Type IIR[\/vc_custom_heading][vc_column_text uncode_shortcode_id=&#8220;198302&#8243;]NeSu Professional Type IIR ist eine mehrlagige und spritzfeste Mund-Nasenschutzmaske f\u00fcr den medizinischen Gebrauch. NeSu Professional Type IIR z\u00e4hlt zum Typ der Schutzklasse IIR, der gem\u00e4\u00df EN 14683: 2019 + AC: 2019 CE-zertifiziert und somit als Verwendung f\u00fcr medizinisches Pflegepersonal zugelassen ist.<\/p>\n<p>NeSu Professional Type IIR wird aus besonders weichem, hautschonendem Material hergestellt. Das Material ist nicht zytotoxisch (ISO 10993-5) und ruft weder Hautreizungen noch -sensibilisierungen der Haut hervor (ISO 10993-10).<\/p>\n<p>NeSu Professional Type IIR wurden in akkreditierten Laboratorien getestet und CE-zertifiziert.<\/p>\n<p>Farben: schwartz, blau, <span class=\"Y2IQFc\" lang=\"de\">wei\u00df<\/span>[\/vc_column_text][vc_empty_space empty_h=&#8220;2&#8243;][vc_row_inner row_inner_height_percent=&#8220;0&#8243; overlay_alpha=&#8220;50&#8243; equal_height=&#8220;yes&#8220; gutter_size=&#8220;2&#8243; preserve_border=&#8220;yes&#8220; preserve_border_tablet=&#8220;yes&#8220; preserve_border_mobile=&#8220;yes&#8220; shift_y=&#8220;0&#8243; z_index=&#8220;0&#8243; mobile_visibility=&#8220;yes&#8220; limit_content=&#8220;&#8220;][vc_column_inner column_width_percent=&#8220;100&#8243; gutter_size=&#8220;2&#8243; overlay_alpha=&#8220;50&#8243; shift_x=&#8220;0&#8243; shift_y=&#8220;0&#8243; shift_y_down=&#8220;0&#8243; z_index=&#8220;0&#8243; medium_width=&#8220;4&#8243; mobile_visibility=&#8220;yes&#8220; mobile_width=&#8220;0&#8243; width=&#8220;1\/2&#8243;][vc_icon position=&#8220;left&#8220; icon=&#8220;fa fa-repeat&#8220; icon_color=&#8220;accent&#8220; heading_semantic=&#8220;h4&#8243; text_font=&#8220;font-329340&#8243; text_size=&#8220;h4&#8243; text_weight=&#8220;400&#8243; text_space=&#8220;fontspace-781688&#8243; title=&#8220;F\u00fcr den Einweggebrauch&#8220; uncode_shortcode_id=&#8220;243442&#8243; icon_color_type=&#8220;uncode-palette&#8220;][\/vc_icon][vc_icon position=&#8220;left&#8220; icon=&#8220;fa fa-heart&#8220; icon_color=&#8220;accent&#8220; heading_semantic=&#8220;h4&#8243; text_font=&#8220;font-329340&#8243; text_size=&#8220;h4&#8243; text_weight=&#8220;400&#8243; text_space=&#8220;fontspace-781688&#8243; title=&#8220;Hergestellt in Finnland&#8220; uncode_shortcode_id=&#8220;121144&#8243; icon_color_type=&#8220;uncode-palette&#8220;][\/vc_icon][\/vc_column_inner][vc_column_inner column_width_percent=&#8220;100&#8243; gutter_size=&#8220;2&#8243; overlay_alpha=&#8220;50&#8243; shift_x=&#8220;0&#8243; shift_y=&#8220;0&#8243; shift_y_down=&#8220;0&#8243; z_index=&#8220;0&#8243; medium_width=&#8220;0&#8243; mobile_width=&#8220;0&#8243; width=&#8220;1\/2&#8243;][vc_icon position=&#8220;left&#8220; icon=&#8220;fa fa-th-menu&#8220; icon_color=&#8220;accent&#8220; heading_semantic=&#8220;h4&#8243; text_font=&#8220;font-329340&#8243; text_size=&#8220;h4&#8243; text_weight=&#8220;400&#8243; text_space=&#8220;fontspace-781688&#8243; title=&#8220;Mehrlagig&#8220; uncode_shortcode_id=&#8220;180070&#8243; icon_color_type=&#8220;uncode-palette&#8220;][\/vc_icon][vc_icon position=&#8220;left&#8220; icon=&#8220;fa fa-check&#8220; icon_color=&#8220;accent&#8220; heading_semantic=&#8220;h4&#8243; text_font=&#8220;font-329340&#8243; text_size=&#8220;h4&#8243; text_weight=&#8220;400&#8243; text_space=&#8220;fontspace-781688&#8243; title=&#8220;F\u00fcr den medizinischen Gebrauch&#8220; uncode_shortcode_id=&#8220;207578&#8243; icon_color_type=&#8220;uncode-palette&#8220;][\/vc_icon][\/vc_column_inner][\/vc_row_inner][\/vc_column][\/vc_row][vc_row row_height_percent=&#8220;0&#8243; override_padding=&#8220;yes&#8220; h_padding=&#8220;2&#8243; top_padding=&#8220;2&#8243; bottom_padding=&#8220;3&#8243; overlay_alpha=&#8220;50&#8243; gutter_size=&#8220;3&#8243; column_width_percent=&#8220;100&#8243; shift_y=&#8220;0&#8243; z_index=&#8220;0&#8243; desktop_visibility=&#8220;yes&#8220; medium_visibility=&#8220;yes&#8220;][vc_column width=&#8220;1\/1&#8243;][vc_icon position=&#8220;left&#8220; icon=&#8220;fa fa-repeat&#8220; icon_color=&#8220;accent&#8220; heading_semantic=&#8220;h4&#8243; text_font=&#8220;font-329340&#8243; text_size=&#8220;h4&#8243; text_weight=&#8220;400&#8243; text_space=&#8220;fontspace-781688&#8243; title=&#8220;F\u00fcr den Einweggebrauch&#8220; uncode_shortcode_id=&#8220;149449&#8243; icon_color_type=&#8220;uncode-palette&#8220;][\/vc_icon][vc_icon position=&#8220;left&#8220; icon=&#8220;fa fa-heart&#8220; icon_color=&#8220;accent&#8220; heading_semantic=&#8220;h4&#8243; text_font=&#8220;font-329340&#8243; text_size=&#8220;h4&#8243; text_weight=&#8220;400&#8243; text_space=&#8220;fontspace-781688&#8243; title=&#8220;Hergestellt in Finnland&#8220; uncode_shortcode_id=&#8220;279999&#8243; icon_color_type=&#8220;uncode-palette&#8220;][\/vc_icon][vc_icon position=&#8220;left&#8220; icon=&#8220;fa fa-th-menu&#8220; icon_color=&#8220;accent&#8220; heading_semantic=&#8220;h4&#8243; text_font=&#8220;font-329340&#8243; text_size=&#8220;h4&#8243; text_weight=&#8220;400&#8243; text_space=&#8220;fontspace-781688&#8243; title=&#8220;Mehrlagig&#8220; uncode_shortcode_id=&#8220;181581&#8243; icon_color_type=&#8220;uncode-palette&#8220;][\/vc_icon][vc_icon position=&#8220;left&#8220; icon=&#8220;fa fa-check&#8220; icon_color=&#8220;accent&#8220; heading_semantic=&#8220;h4&#8243; text_font=&#8220;font-329340&#8243; text_size=&#8220;h4&#8243; text_weight=&#8220;400&#8243; text_space=&#8220;fontspace-781688&#8243; title=&#8220;F\u00fcr den medizinischen Gebrauch&#8220; uncode_shortcode_id=&#8220;789224&#8243; icon_color_type=&#8220;uncode-palette&#8220;][\/vc_icon][\/vc_column][\/vc_row][vc_row unlock_row_content=&#8220;yes&#8220; row_height_percent=&#8220;100&#8243; override_padding=&#8220;yes&#8220; h_padding=&#8220;2&#8243; top_padding=&#8220;0&#8243; bottom_padding=&#8220;2&#8243; back_color=&#8220;color-xsdn&#8220; overlay_alpha=&#8220;40&#8243; equal_height=&#8220;yes&#8220; gutter_size=&#8220;0&#8243; column_width_use_pixel=&#8220;yes&#8220; shift_y=&#8220;0&#8243; z_index=&#8220;0&#8243; row_name=&#8220;Welcome&#8220;][vc_column column_width_use_pixel=&#8220;yes&#8220; position_vertical=&#8220;middle&#8220; align_horizontal=&#8220;align_center&#8220; gutter_size=&#8220;3&#8243; overlay_alpha=&#8220;50&#8243; shift_x=&#8220;0&#8243; shift_y=&#8220;0&#8243; shift_y_down=&#8220;0&#8243; z_index=&#8220;0&#8243; medium_width=&#8220;0&#8243; mobile_width=&#8220;0&#8243; width=&#8220;1\/2&#8243;][vc_row_inner row_inner_height_percent=&#8220;0&#8243; overlay_alpha=&#8220;50&#8243; gutter_size=&#8220;3&#8243; shift_y=&#8220;0&#8243; z_index=&#8220;0&#8243; limit_content=&#8220;&#8220;][vc_column_inner column_width_use_pixel=&#8220;yes&#8220; position_vertical=&#8220;middle&#8220; gutter_size=&#8220;3&#8243; overlay_alpha=&#8220;50&#8243; shift_x=&#8220;0&#8243; shift_y=&#8220;0&#8243; shift_y_down=&#8220;0&#8243; z_index=&#8220;0&#8243; medium_width=&#8220;0&#8243; mobile_width=&#8220;0&#8243; width=&#8220;1\/1&#8243; column_width_pixel=&#8220;600&#8243;][vc_custom_heading heading_semantic=&#8220;h1&#8243; text_size=&#8220;fontsize-155944&#8243; uncode_shortcode_id=&#8220;165651&#8243;]Gebrauchsanweisung Mund-Nasenschutzmaske[\/vc_custom_heading][vc_column_text uncode_shortcode_id=&#8220;122028&#8243;]<\/p>\n<div class=\"uncode_text_column\">\n<p>NeSu Professional Mund-Nasenchutzmasken sind f\u00fcr den Gebrauch von medizinischem Krankenpersonal und anderen Fachkr\u00e4ften konzipiert, die Bedarf an besonders effektiver Mundschutzfilterung haben. Bitte lesen Sie die Gebrauchsanweisung vor Gebrauch.<\/p>\n<\/div>\n<p>[\/vc_column_text][vc_custom_heading heading_semantic=&#8220;p&#8220; text_size=&#8220;h3&#8243; uncode_shortcode_id=&#8220;229780&#8243;]<\/p>\n<div class=\"uncode_text_column\">\n<div class=\"uncode_text_column\">\n<p><strong>Gebrauchsanweisung lesen:<\/strong><\/p>\n<\/div>\n<\/div>\n<p>[\/vc_custom_heading][vc_empty_space empty_h=&#8220;1&#8243; mobile_visibility=&#8220;yes&#8220;][vc_button radius=&#8220;btn-circle&#8220; outline=&#8220;yes&#8220; text_skin=&#8220;yes&#8220; border_width=&#8220;0&#8243; display=&#8220;inline&#8220; link=&#8220;url:https%3A%2F%2Fnesu.fi%2Fwp-content%2Fuploads%2F2020%2F10%2FNeSu_Professional_Instructions.pdf|target:_blank&#8220;]Instructions[\/vc_button][vc_empty_space empty_h=&#8220;4&#8243; mobile_visibility=&#8220;yes&#8220;][\/vc_column_inner][\/vc_row_inner][\/vc_column][vc_column column_width_percent=&#8220;100&#8243; gutter_size=&#8220;3&#8243; back_image=&#8220;84448&#8243; overlay_alpha=&#8220;50&#8243; shift_x=&#8220;0&#8243; shift_y=&#8220;0&#8243; shift_y_down=&#8220;0&#8243; z_index=&#8220;0&#8243; medium_width=&#8220;0&#8243; mobile_visibility=&#8220;yes&#8220; mobile_width=&#8220;0&#8243; css_animation=&#8220;alpha-anim&#8220; width=&#8220;1\/2&#8243;][\/vc_column][\/vc_row][vc_row row_height_percent=&#8220;0&#8243; overlay_alpha=&#8220;50&#8243; gutter_size=&#8220;3&#8243; column_width_percent=&#8220;100&#8243; shift_y=&#8220;0&#8243; z_index=&#8220;0&#8243; desktop_visibility=&#8220;yes&#8220; medium_visibility=&#8220;yes&#8220; mobile_visibility=&#8220;yes&#8220;][vc_column width=&#8220;1\/1&#8243;][vc_empty_space empty_h=&#8220;1&#8243; desktop_visibility=&#8220;yes&#8220; medium_visibility=&#8220;yes&#8220;][\/vc_column][\/vc_row][vc_row row_height_percent=&#8220;60&#8243; override_padding=&#8220;yes&#8220; h_padding=&#8220;2&#8243; top_padding=&#8220;4&#8243; bottom_padding=&#8220;4&#8243; back_image=&#8220;83894&#8243; parallax=&#8220;yes&#8220; overlay_color=&#8220;color-nhtu&#8220; overlay_alpha=&#8220;41&#8243; gutter_size=&#8220;4&#8243; column_width_percent=&#8220;100&#8243; shift_y=&#8220;0&#8243; z_index=&#8220;0&#8243;][vc_column column_width_percent=&#8220;100&#8243; position_vertical=&#8220;middle&#8220; align_horizontal=&#8220;align_center&#8220; gutter_size=&#8220;2&#8243; style=&#8220;dark&#8220; overlay_alpha=&#8220;50&#8243; shift_x=&#8220;0&#8243; shift_y=&#8220;0&#8243; z_index=&#8220;0&#8243; medium_width=&#8220;0&#8243; mobile_width=&#8220;0&#8243; css_animation=&#8220;zoom-in&#8220; animation_delay=&#8220;200&#8243; width=&#8220;1\/2&#8243;][uncode_counter value=&#8220;98&#8243; prefix=&#8220;Mind.&#8220; counter_color=&#8220;&#8220; font=&#8220;font-329340&#8243; size=&#8220;fontsize-338686&#8243; weight=&#8220;300&#8243; height=&#8220;fontheight-179065&#8243; suffix=&#8220;%&#8220; uncode_shortcode_id=&#8220;866023&#8243;][vc_custom_heading text_font=&#8220;font-329340&#8243; text_size=&#8220;h3&#8243; text_weight=&#8220;400&#8243; text_height=&#8220;fontheight-357766&#8243; text_space=&#8220;fontspace-781688&#8243; uncode_shortcode_id=&#8220;950547&#8243;]Filtrationseffizenz.[\/vc_custom_heading][\/vc_column][vc_column column_width_percent=&#8220;100&#8243; position_vertical=&#8220;middle&#8220; align_horizontal=&#8220;align_center&#8220; gutter_size=&#8220;2&#8243; style=&#8220;dark&#8220; overlay_alpha=&#8220;50&#8243; shift_x=&#8220;0&#8243; shift_y=&#8220;0&#8243; z_index=&#8220;0&#8243; medium_width=&#8220;0&#8243; mobile_width=&#8220;0&#8243; css_animation=&#8220;zoom-in&#8220; animation_delay=&#8220;400&#8243; width=&#8220;1\/2&#8243;][vc_icon icon=&#8220;fa fa-heart&#8220; icon_color=&#8220;color-xsdn&#8220; size=&#8220;fa-5x&#8220; heading_semantic=&#8220;h4&#8243; text_font=&#8220;font-329340&#8243; text_size=&#8220;h4&#8243; text_weight=&#8220;400&#8243; text_space=&#8220;fontspace-781688&#8243;][\/vc_icon][vc_custom_heading text_font=&#8220;font-329340&#8243; text_size=&#8220;h3&#8243; text_weight=&#8220;400&#8243; text_height=&#8220;fontheight-357766&#8243; text_space=&#8220;fontspace-781688&#8243; uncode_shortcode_id=&#8220;355250&#8243;]Hergestellt in Finnland[\/vc_custom_heading][\/vc_column][\/vc_row][vc_row unlock_row_content=&#8220;yes&#8220; row_height_percent=&#8220;0&#8243; override_padding=&#8220;yes&#8220; h_padding=&#8220;2&#8243; top_padding=&#8220;2&#8243; bottom_padding=&#8220;3&#8243; overlay_alpha=&#8220;100&#8243; gutter_size=&#8220;100&#8243; column_width_percent=&#8220;100&#8243; shift_y=&#8220;0&#8243; z_index=&#8220;0&#8243; mobile_visibility=&#8220;yes&#8220; style=&#8220;inherited&#8220;][vc_column column_width_percent=&#8220;100&#8243; align_horizontal=&#8220;align_center&#8220; gutter_size=&#8220;5&#8243; overlay_alpha=&#8220;50&#8243; shift_x=&#8220;0&#8243; shift_y=&#8220;0&#8243; shift_y_down=&#8220;0&#8243; z_index=&#8220;0&#8243; medium_width=&#8220;0&#8243; mobile_width=&#8220;0&#8243; zoom_width=&#8220;0&#8243; zoom_height=&#8220;0&#8243; width=&#8220;1\/1&#8243;][vc_gallery el_id=&#8220;gallery-12&#8243; medias=&#8220;84585,84565&#8243; gutter_size=&#8220;3&#8243; media_items=&#8220;media|lightbox|poster&#8220; screen_lg=&#8220;1200&#8243; screen_md=&#8220;600&#8243; screen_sm=&#8220;480&#8243; single_width=&#8220;6&#8243; images_size=&#8220;one-one&#8220; single_overlay_color=&#8220;color-155748&#8243; single_overlay_opacity=&#8220;60&#8243; single_text_anim=&#8220;no&#8220; single_image_anim=&#8220;no&#8220; single_h_align=&#8220;center&#8220; single_padding=&#8220;2&#8243; single_text_reduced=&#8220;yes&#8220; single_icon=&#8220;fa fa-search3&#8243; single_border=&#8220;yes&#8220; lbox_caption=&#8220;yes&#8220; no_double_tap=&#8220;yes&#8220; carousel_rtl=&#8220;&#8220; single_title_uppercase=&#8220;&#8220; single_title_bold=&#8220;&#8220; single_title_serif=&#8220;&#8220; onclick=&#8220;link_image&#8220; custom_links_target=&#8220;_self&#8220; items=&#8220;eyI4ODY4X2kiOnsic2luZ2xlX3dpZHRoIjoiNCIsInNpbmdsZV9oZWlnaHQiOiI0In0sIjg4NjJfaSI6eyJzaW5nbGVfd2lkdGgiOiI0Iiwic2luZ2xlX2hlaWdodCI6IjQifSwiODg2MF9pIjp7InNpbmdsZV93aWR0aCI6IjQiLCJzaW5nbGVfaGVpZ2h0IjoiNCJ9LCIyNjIxOF9pIjp7InNpbmdsZV93aWR0aCI6IjQiLCJzaW5nbGVfaGVpZ2h0IjoiNCJ9LCIyNjIyNF9pIjp7InNpbmdsZV93aWR0aCI6IjQiLCJzaW5nbGVfaGVpZ2h0IjoiNCJ9LCIyNjIyMl9pIjp7InNpbmdsZV93aWR0aCI6IjQiLCJzaW5nbGVfaGVpZ2h0IjoiNCJ9LCIyNjIyOV9pIjp7InNpbmdsZV93aWR0aCI6IjQiLCJzaW5nbGVfaGVpZ2h0IjoiNCJ9fQ==&#8220; single_half_padding=&#8220;&#8220; single_no_background=&#8220;&#8220; uncode_shortcode_id=&#8220;966343&#8243;][\/vc_column][\/vc_row]<\/p>\n<\/div>","protected":false},"excerpt":{"rendered":"<p>[vc_row unlock_row_content=&#8220;yes&#8220; row_height_percent=&#8220;0&#8243; override_padding=&#8220;yes&#8220; h_padding=&#8220;2&#8243; top_padding=&#8220;2&#8243; bottom_padding=&#8220;2&#8243; back_color=&#8220;color-xsdn&#8220; overlay_color=&#8220;color-xsdn&#8220; overlay_alpha=&#8220;90&#8243; equal_height=&#8220;yes&#8220; gutter_size=&#8220;3&#8243; column_width_percent=&#8220;100&#8243; shift_y=&#8220;0&#8243; z_index=&#8220;0&#8243; row_name=&#8220;Hello&#8220;][vc_column column_width_percent=&#8220;100&#8243; position_horizontal=&#8220;left&#8220; position_vertical=&#8220;middle&#8220; align_horizontal=&#8220;align_center&#8220; [&hellip;]<\/p>\n","protected":false},"author":1,"featured_media":84448,"parent":0,"menu_order":0,"comment_status":"closed","ping_status":"closed","template":"","meta":{"_monsterinsights_skip_tracking":false,"_monsterinsights_sitenote_active":false,"_monsterinsights_sitenote_note":"","_monsterinsights_sitenote_category":0,"footnotes":""},"class_list":["post-84703","page","type-page","status-publish","has-post-thumbnail","hentry"],"yoast_head":"<!-- This site is optimized with the Yoast SEO plugin v26.3 - https:\/\/yoast.com\/wordpress\/plugins\/seo\/ -->\n<title>NeSu Professional Type IIR - NeSu - Kotimainen kansalaismaski<\/title>\n<meta name=\"robots\" content=\"index, follow, max-snippet:-1, max-image-preview:large, max-video-preview:-1\" \/>\n<link rel=\"canonical\" href=\"https:\/\/nesu.fi\/de\/nesu-professional-type-iir\/\" \/>\n<meta property=\"og:locale\" content=\"de_DE\" \/>\n<meta property=\"og:type\" content=\"article\" \/>\n<meta property=\"og:title\" content=\"NeSu Professional Type IIR - NeSu - Kotimainen kansalaismaski\" \/>\n<meta property=\"og:description\" content=\"[vc_row unlock_row_content=&#8220;yes&#8220; row_height_percent=&#8220;0&#8243; override_padding=&#8220;yes&#8220; h_padding=&#8220;2&#8243; top_padding=&#8220;2&#8243; bottom_padding=&#8220;2&#8243; back_color=&#8220;color-xsdn&#8220; overlay_color=&#8220;color-xsdn&#8220; overlay_alpha=&#8220;90&#8243; equal_height=&#8220;yes&#8220; gutter_size=&#8220;3&#8243; column_width_percent=&#8220;100&#8243; shift_y=&#8220;0&#8243; z_index=&#8220;0&#8243; row_name=&#8220;Hello&#8220;][vc_column column_width_percent=&#8220;100&#8243; position_horizontal=&#8220;left&#8220; position_vertical=&#8220;middle&#8220; align_horizontal=&#8220;align_center&#8220; [&hellip;]\" \/>\n<meta property=\"og:url\" content=\"https:\/\/nesu.fi\/de\/nesu-professional-type-iir\/\" \/>\n<meta property=\"og:site_name\" content=\"NeSu - Kotimainen kansalaismaski\" \/>\n<meta property=\"article:modified_time\" content=\"2025-11-06T07:43:59+00:00\" \/>\n<meta property=\"og:image\" content=\"https:\/\/nesu.fi\/wp-content\/uploads\/2020\/11\/Filterpak_Nova_multifoto-2-scaled.jpg\" \/>\n\t<meta property=\"og:image:width\" content=\"2560\" \/>\n\t<meta property=\"og:image:height\" content=\"1703\" \/>\n\t<meta property=\"og:image:type\" content=\"image\/jpeg\" \/>\n<meta name=\"twitter:card\" content=\"summary_large_image\" \/>\n<meta name=\"twitter:label1\" content=\"Gesch\u00e4tzte Lesezeit\" \/>\n\t<meta name=\"twitter:data1\" content=\"4\u00a0Minuten\" \/>\n<script type=\"application\/ld+json\" class=\"yoast-schema-graph\">{\"@context\":\"https:\/\/schema.org\",\"@graph\":[{\"@type\":\"WebPage\",\"@id\":\"https:\/\/nesu.fi\/de\/nesu-professional-type-iir\/\",\"url\":\"https:\/\/nesu.fi\/de\/nesu-professional-type-iir\/\",\"name\":\"NeSu Professional Type IIR - NeSu - Kotimainen kansalaismaski\",\"isPartOf\":{\"@id\":\"https:\/\/nesu.fi\/de\/#website\"},\"primaryImageOfPage\":{\"@id\":\"https:\/\/nesu.fi\/de\/nesu-professional-type-iir\/#primaryimage\"},\"image\":{\"@id\":\"https:\/\/nesu.fi\/de\/nesu-professional-type-iir\/#primaryimage\"},\"thumbnailUrl\":\"https:\/\/nesu.fi\/wp-content\/uploads\/2020\/11\/Filterpak_Nova_multifoto-2-scaled.jpg\",\"datePublished\":\"2021-09-14T10:38:56+00:00\",\"dateModified\":\"2025-11-06T07:43:59+00:00\",\"breadcrumb\":{\"@id\":\"https:\/\/nesu.fi\/de\/nesu-professional-type-iir\/#breadcrumb\"},\"inLanguage\":\"de\",\"potentialAction\":[{\"@type\":\"ReadAction\",\"target\":[\"https:\/\/nesu.fi\/de\/nesu-professional-type-iir\/\"]}]},{\"@type\":\"ImageObject\",\"inLanguage\":\"de\",\"@id\":\"https:\/\/nesu.fi\/de\/nesu-professional-type-iir\/#primaryimage\",\"url\":\"https:\/\/nesu.fi\/wp-content\/uploads\/2020\/11\/Filterpak_Nova_multifoto-2-scaled.jpg\",\"contentUrl\":\"https:\/\/nesu.fi\/wp-content\/uploads\/2020\/11\/Filterpak_Nova_multifoto-2-scaled.jpg\",\"width\":2560,\"height\":1703,\"caption\":\"Lue lis\u00e4\u00e4\"},{\"@type\":\"BreadcrumbList\",\"@id\":\"https:\/\/nesu.fi\/de\/nesu-professional-type-iir\/#breadcrumb\",\"itemListElement\":[{\"@type\":\"ListItem\",\"position\":1,\"name\":\"Home\",\"item\":\"https:\/\/nesu.fi\/de\/\"},{\"@type\":\"ListItem\",\"position\":2,\"name\":\"NeSu Professional Type IIR\"}]},{\"@type\":\"WebSite\",\"@id\":\"https:\/\/nesu.fi\/de\/#website\",\"url\":\"https:\/\/nesu.fi\/de\/\",\"name\":\"NeSu - Kotimainen kansalaismaski\",\"description\":\"NeSu by Filterpak\",\"publisher\":{\"@id\":\"https:\/\/nesu.fi\/de\/#organization\"},\"potentialAction\":[{\"@type\":\"SearchAction\",\"target\":{\"@type\":\"EntryPoint\",\"urlTemplate\":\"https:\/\/nesu.fi\/de\/?s={search_term_string}\"},\"query-input\":{\"@type\":\"PropertyValueSpecification\",\"valueRequired\":true,\"valueName\":\"search_term_string\"}}],\"inLanguage\":\"de\"},{\"@type\":\"Organization\",\"@id\":\"https:\/\/nesu.fi\/de\/#organization\",\"name\":\"NeSu\",\"url\":\"https:\/\/nesu.fi\/de\/\",\"logo\":{\"@type\":\"ImageObject\",\"inLanguage\":\"de\",\"@id\":\"https:\/\/nesu.fi\/de\/#\/schema\/logo\/image\/\",\"url\":\"https:\/\/nesu.fi\/wp-content\/uploads\/2020\/05\/Nesu_logo.png\",\"contentUrl\":\"https:\/\/nesu.fi\/wp-content\/uploads\/2020\/05\/Nesu_logo.png\",\"width\":1000,\"height\":330,\"caption\":\"NeSu\"},\"image\":{\"@id\":\"https:\/\/nesu.fi\/de\/#\/schema\/logo\/image\/\"}}]}<\/script>\n<!-- \/ Yoast SEO plugin. -->","yoast_head_json":{"title":"NeSu Professional Type IIR - NeSu - Kotimainen kansalaismaski","robots":{"index":"index","follow":"follow","max-snippet":"max-snippet:-1","max-image-preview":"max-image-preview:large","max-video-preview":"max-video-preview:-1"},"canonical":"https:\/\/nesu.fi\/de\/nesu-professional-type-iir\/","og_locale":"de_DE","og_type":"article","og_title":"NeSu Professional Type IIR - NeSu - Kotimainen kansalaismaski","og_description":"[vc_row unlock_row_content=&#8220;yes&#8220; row_height_percent=&#8220;0&#8243; override_padding=&#8220;yes&#8220; h_padding=&#8220;2&#8243; top_padding=&#8220;2&#8243; bottom_padding=&#8220;2&#8243; back_color=&#8220;color-xsdn&#8220; overlay_color=&#8220;color-xsdn&#8220; overlay_alpha=&#8220;90&#8243; equal_height=&#8220;yes&#8220; gutter_size=&#8220;3&#8243; column_width_percent=&#8220;100&#8243; shift_y=&#8220;0&#8243; z_index=&#8220;0&#8243; row_name=&#8220;Hello&#8220;][vc_column column_width_percent=&#8220;100&#8243; position_horizontal=&#8220;left&#8220; position_vertical=&#8220;middle&#8220; align_horizontal=&#8220;align_center&#8220; [&hellip;]","og_url":"https:\/\/nesu.fi\/de\/nesu-professional-type-iir\/","og_site_name":"NeSu - Kotimainen kansalaismaski","article_modified_time":"2025-11-06T07:43:59+00:00","og_image":[{"width":2560,"height":1703,"url":"https:\/\/nesu.fi\/wp-content\/uploads\/2020\/11\/Filterpak_Nova_multifoto-2-scaled.jpg","type":"image\/jpeg"}],"twitter_card":"summary_large_image","twitter_misc":{"Gesch\u00e4tzte Lesezeit":"4\u00a0Minuten"},"schema":{"@context":"https:\/\/schema.org","@graph":[{"@type":"WebPage","@id":"https:\/\/nesu.fi\/de\/nesu-professional-type-iir\/","url":"https:\/\/nesu.fi\/de\/nesu-professional-type-iir\/","name":"NeSu Professional Type IIR - NeSu - Kotimainen kansalaismaski","isPartOf":{"@id":"https:\/\/nesu.fi\/de\/#website"},"primaryImageOfPage":{"@id":"https:\/\/nesu.fi\/de\/nesu-professional-type-iir\/#primaryimage"},"image":{"@id":"https:\/\/nesu.fi\/de\/nesu-professional-type-iir\/#primaryimage"},"thumbnailUrl":"https:\/\/nesu.fi\/wp-content\/uploads\/2020\/11\/Filterpak_Nova_multifoto-2-scaled.jpg","datePublished":"2021-09-14T10:38:56+00:00","dateModified":"2025-11-06T07:43:59+00:00","breadcrumb":{"@id":"https:\/\/nesu.fi\/de\/nesu-professional-type-iir\/#breadcrumb"},"inLanguage":"de","potentialAction":[{"@type":"ReadAction","target":["https:\/\/nesu.fi\/de\/nesu-professional-type-iir\/"]}]},{"@type":"ImageObject","inLanguage":"de","@id":"https:\/\/nesu.fi\/de\/nesu-professional-type-iir\/#primaryimage","url":"https:\/\/nesu.fi\/wp-content\/uploads\/2020\/11\/Filterpak_Nova_multifoto-2-scaled.jpg","contentUrl":"https:\/\/nesu.fi\/wp-content\/uploads\/2020\/11\/Filterpak_Nova_multifoto-2-scaled.jpg","width":2560,"height":1703,"caption":"Lue lis\u00e4\u00e4"},{"@type":"BreadcrumbList","@id":"https:\/\/nesu.fi\/de\/nesu-professional-type-iir\/#breadcrumb","itemListElement":[{"@type":"ListItem","position":1,"name":"Home","item":"https:\/\/nesu.fi\/de\/"},{"@type":"ListItem","position":2,"name":"NeSu Professional Type IIR"}]},{"@type":"WebSite","@id":"https:\/\/nesu.fi\/de\/#website","url":"https:\/\/nesu.fi\/de\/","name":"NeSu - Kotimainen kansalaismaski","description":"NeSu by Filterpak","publisher":{"@id":"https:\/\/nesu.fi\/de\/#organization"},"potentialAction":[{"@type":"SearchAction","target":{"@type":"EntryPoint","urlTemplate":"https:\/\/nesu.fi\/de\/?s={search_term_string}"},"query-input":{"@type":"PropertyValueSpecification","valueRequired":true,"valueName":"search_term_string"}}],"inLanguage":"de"},{"@type":"Organization","@id":"https:\/\/nesu.fi\/de\/#organization","name":"NeSu","url":"https:\/\/nesu.fi\/de\/","logo":{"@type":"ImageObject","inLanguage":"de","@id":"https:\/\/nesu.fi\/de\/#\/schema\/logo\/image\/","url":"https:\/\/nesu.fi\/wp-content\/uploads\/2020\/05\/Nesu_logo.png","contentUrl":"https:\/\/nesu.fi\/wp-content\/uploads\/2020\/05\/Nesu_logo.png","width":1000,"height":330,"caption":"NeSu"},"image":{"@id":"https:\/\/nesu.fi\/de\/#\/schema\/logo\/image\/"}}]}},"_links":{"self":[{"href":"https:\/\/nesu.fi\/de\/wp-json\/wp\/v2\/pages\/84703","targetHints":{"allow":["GET"]}}],"collection":[{"href":"https:\/\/nesu.fi\/de\/wp-json\/wp\/v2\/pages"}],"about":[{"href":"https:\/\/nesu.fi\/de\/wp-json\/wp\/v2\/types\/page"}],"author":[{"embeddable":true,"href":"https:\/\/nesu.fi\/de\/wp-json\/wp\/v2\/users\/1"}],"replies":[{"embeddable":true,"href":"https:\/\/nesu.fi\/de\/wp-json\/wp\/v2\/comments?post=84703"}],"version-history":[{"count":5,"href":"https:\/\/nesu.fi\/de\/wp-json\/wp\/v2\/pages\/84703\/revisions"}],"predecessor-version":[{"id":84985,"href":"https:\/\/nesu.fi\/de\/wp-json\/wp\/v2\/pages\/84703\/revisions\/84985"}],"wp:featuredmedia":[{"embeddable":true,"href":"https:\/\/nesu.fi\/de\/wp-json\/wp\/v2\/media\/84448"}],"wp:attachment":[{"href":"https:\/\/nesu.fi\/de\/wp-json\/wp\/v2\/media?parent=84703"}],"curies":[{"name":"wp","href":"https:\/\/api.w.org\/{rel}","templated":true}]}}