{"id":84279,"date":"2020-11-05T16:52:15","date_gmt":"2020-11-05T14:52:15","guid":{"rendered":"https:\/\/nesu.fi\/kasvomaskit-ammattikaytossa\/"},"modified":"2021-08-27T17:01:08","modified_gmt":"2021-08-27T14:01:08","slug":"nesu-for-professionellt-bruk","status":"publish","type":"page","link":"https:\/\/nesu.fi\/sv\/nesu-for-professionellt-bruk\/","title":{"rendered":"NeSu f\u00f6r professionellt bruk"},"content":{"rendered":"<div class=\"wpb-content-wrapper\"><p>[vc_row unlock_row_content=&#8221;yes&#8221; row_height_percent=&#8221;100&#8243; override_padding=&#8221;yes&#8221; h_padding=&#8221;0&#8243; top_padding=&#8221;0&#8243; bottom_padding=&#8221;0&#8243; back_color=&#8221;color-xsdn&#8221; overlay_alpha=&#8221;50&#8243; equal_height=&#8221;yes&#8221; gutter_size=&#8221;3&#8243; column_width_percent=&#8221;100&#8243; shift_y=&#8221;0&#8243; z_index=&#8221;0&#8243;][vc_column column_width_percent=&#8221;100&#8243; gutter_size=&#8221;3&#8243; expand_height=&#8221;yes&#8221; style=&#8221;dark&#8221; overlay_alpha=&#8221;50&#8243; shift_x=&#8221;0&#8243; shift_y=&#8221;0&#8243; z_index=&#8221;0&#8243; medium_width=&#8221;0&#8243; width=&#8221;1\/1&#8243;][vc_row_inner row_inner_height_percent=&#8221;0&#8243; overlay_alpha=&#8221;50&#8243; equal_height=&#8221;yes&#8221; gutter_size=&#8221;0&#8243; shift_y=&#8221;0&#8243; limit_content=&#8221;&#8221;][vc_column_inner column_width_use_pixel=&#8221;yes&#8221; gutter_size=&#8221;3&#8243; expand_height=&#8221;yes&#8221; back_color=&#8221;color-xsdn&#8221; back_image=&#8221;83891&#8243; overlay_alpha=&#8221;50&#8243; shift_x=&#8221;0&#8243; shift_y=&#8221;0&#8243; shift_y_down=&#8221;0&#8243; z_index=&#8221;0&#8243; medium_width=&#8221;0&#8243; mobile_width=&#8221;0&#8243; width=&#8221;1\/2&#8243; mobile_height=&#8221;300&#8243;][\/vc_column_inner][vc_column_inner column_width_percent=&#8221;65&#8243; position_vertical=&#8221;middle&#8221; gutter_size=&#8221;3&#8243; override_padding=&#8221;yes&#8221; column_padding=&#8221;3&#8243; overlay_alpha=&#8221;50&#8243; shift_x=&#8221;0&#8243; shift_y=&#8221;0&#8243; shift_y_down=&#8221;0&#8243; z_index=&#8221;0&#8243; medium_width=&#8221;0&#8243; mobile_width=&#8221;0&#8243; width=&#8221;1\/2&#8243;][vc_custom_heading heading_semantic=&#8221;h6&#8243; text_size=&#8221;fontsize-160000&#8243; text_transform=&#8221;uppercase&#8221; text_space=&#8221;fontspace-135905&#8243; text_color=&#8221;accent&#8221;]NeSu Professional \/ NeSu Professional Ultrasoft[\/vc_custom_heading][vc_custom_heading text_font=&#8221;font-762333&#8243; text_size=&#8221;fontsize-155944&#8243; text_align=&#8221;text-left&#8221;]NeSu f\u00f6r professionellt bruk[\/vc_custom_heading][vc_column_text]NeSu n\u00e4s- och munskydd f\u00f6r professionellt bruk har testats i ackrediterade laboratorier f\u00f6r att uppfylla kraven f\u00f6r sjukhus, v\u00e5rdinr\u00e4ttningar och andra kr\u00e4vande arbetsmilj\u00f6er. NeSu Professional och NeSu Professional UltraSoft -skydden uppfyller EN 14683 standarden med minst 98 % filtreringseffektivitet.<\/p>\n<p>Tillverkade i Finland, f\u00f6rst\u00e5s.[\/vc_column_text][\/vc_column_inner][\/vc_row_inner][\/vc_column][\/vc_row][vc_row row_height_percent=&#8221;50&#8243; override_padding=&#8221;yes&#8221; h_padding=&#8221;2&#8243; top_padding=&#8221;5&#8243; bottom_padding=&#8221;2&#8243; overlay_alpha=&#8221;50&#8243; gutter_size=&#8221;4&#8243; column_width_percent=&#8221;100&#8243; shift_y=&#8221;0&#8243; z_index=&#8221;0&#8243; el_class=&#8221;inverted-device-order&#8221;][vc_column column_width_use_pixel=&#8221;yes&#8221; position_vertical=&#8221;middle&#8221; gutter_size=&#8221;3&#8243; overlay_alpha=&#8221;50&#8243; shift_x=&#8221;0&#8243; shift_y=&#8221;0&#8243; shift_y_down=&#8221;0&#8243; z_index=&#8221;0&#8243; medium_width=&#8221;0&#8243; mobile_width=&#8221;0&#8243; width=&#8221;1\/2&#8243; column_width_pixel=&#8221;900&#8243;][vc_custom_heading heading_semantic=&#8221;h3&#8243; text_size=&#8221;fontsize-155944&#8243; subheading=&#8221;NeSu Professional Ultrasoft tillverkas av ett mycket mjukt material som \u00e4r skonsamt mot ansiktet. Materialet \u00e4r icke-cytotoxiskt (ISO 10993-5) och irriterar inte huden eller \u00f6kar dess k\u00e4nslighet (ISO 10993-10). NeSu Professional UltraSoft \u00e4r ett typ II -skydd enligt standarden EN 14683:2019 + AC:2019 dvs. den \u00e4r l\u00e4mplig f\u00f6r anv\u00e4ndning av v\u00e5rdpersonal.&#8221;]NeSu Professional UltraSoft[\/vc_custom_heading][vc_button button_color=&#8221;accent&#8221; border_width=&#8221;0&#8243; link=&#8221;url:https%3A%2F%2Fnesu.fi%2Fsv%2Fnesu-professional-ultrasoft%2F|title:Nesu%20Ultrasoft&#8221;]L\u00c4S MER OM PRODUKTEN[\/vc_button][\/vc_column][vc_column width=&#8221;1\/2&#8243;][vc_single_image media=&#8221;83894&#8243; media_width_percent=&#8221;100&#8243; media_ratio=&#8221;four-three&#8221;][\/vc_column][\/vc_row][vc_row row_height_percent=&#8221;50&#8243; override_padding=&#8221;yes&#8221; h_padding=&#8221;2&#8243; top_padding=&#8221;2&#8243; bottom_padding=&#8221;5&#8243; overlay_alpha=&#8221;50&#8243; gutter_size=&#8221;4&#8243; column_width_percent=&#8221;100&#8243; shift_y=&#8221;0&#8243; z_index=&#8221;0&#8243; desktop_visibility=&#8221;yes&#8221; medium_visibility=&#8221;yes&#8221; mobile_visibility=&#8221;yes&#8221; shape_dividers=&#8221;&#8221;][vc_column width=&#8221;1\/2&#8243;][vc_single_image media=&#8221;83919&#8243; media_width_percent=&#8221;100&#8243; media_ratio=&#8221;four-three&#8221;][\/vc_column][vc_column column_width_use_pixel=&#8221;yes&#8221; position_vertical=&#8221;middle&#8221; gutter_size=&#8221;3&#8243; overlay_alpha=&#8221;50&#8243; shift_x=&#8221;0&#8243; shift_y=&#8221;0&#8243; shift_y_down=&#8221;0&#8243; z_index=&#8221;0&#8243; medium_width=&#8221;0&#8243; mobile_width=&#8221;0&#8243; width=&#8221;1\/2&#8243; column_width_pixel=&#8221;900&#8243;][vc_custom_heading heading_semantic=&#8221;h3&#8243; text_size=&#8221;fontsize-155944&#8243; subheading=&#8221;NeSu Professional \u00e4r ett typ IIR n\u00e4s- och munskydd f\u00f6r medicinskt bruk enligt standarden EN 14683:2019 + AC:2019. Kommer snart!&#8221;]NeSu Professional[\/vc_custom_heading][vc_button button_color=&#8221;accent&#8221; border_width=&#8221;0&#8243; link=&#8221;url:https%3A%2F%2Fnesu.fi%2Fsv%2Fprofessional%2F|title:Nesu%20Basic&#8221;]L\u00c4S MER OM PRODUKTEN[\/vc_button][\/vc_column][\/vc_row][vc_row row_height_percent=&#8221;50&#8243; override_padding=&#8221;yes&#8221; h_padding=&#8221;2&#8243; top_padding=&#8221;5&#8243; bottom_padding=&#8221;5&#8243; back_color=&#8221;accent&#8221; back_image=&#8221;83900&#8243; parallax=&#8221;yes&#8221; overlay_color=&#8221;color-nhtu&#8221; overlay_alpha=&#8221;40&#8243; equal_height=&#8221;yes&#8221; gutter_size=&#8221;4&#8243; column_width_percent=&#8221;100&#8243; shift_y=&#8221;0&#8243; z_index=&#8221;0&#8243;][vc_column column_width_percent=&#8221;100&#8243; position_vertical=&#8221;middle&#8221; align_horizontal=&#8221;align_center&#8221; gutter_size=&#8221;3&#8243; style=&#8221;dark&#8221; overlay_alpha=&#8221;50&#8243; shift_x=&#8221;0&#8243; shift_y=&#8221;0&#8243; shift_y_down=&#8221;0&#8243; z_index=&#8221;0&#8243; medium_width=&#8221;0&#8243; mobile_width=&#8221;0&#8243; width=&#8221;1\/1&#8243;][vc_custom_heading heading_semantic=&#8221;h6&#8243; text_size=&#8221;fontsize-160000&#8243; text_transform=&#8221;uppercase&#8221; text_space=&#8221;fontspace-135905&#8243;]FR\u00c5N FINL\u00c4NDARE TILL FINL\u00c4NDARE[\/vc_custom_heading][vc_custom_heading heading_semantic=&#8221;h3&#8243; text_size=&#8221;fontsize-155944&#8243;]V\u00e5r inhemska NeSu-masker tillverkas i Hang\u00f6.[\/vc_custom_heading][vc_button border_width=&#8221;0&#8243; link=&#8221;url:https%3A%2F%2Fnesu.fi%2Fsv%2Ffilterpak%2F|title:Filterpak|target:_blank&#8221;]L\u00c4S MER OM V\u00c5R VERKSAMHET[\/vc_button][\/vc_column][\/vc_row]<\/p>\n<\/div>","protected":false},"excerpt":{"rendered":"<p>[vc_row unlock_row_content=&#8221;yes&#8221; row_height_percent=&#8221;100&#8243; override_padding=&#8221;yes&#8221; h_padding=&#8221;0&#8243; top_padding=&#8221;0&#8243; bottom_padding=&#8221;0&#8243; back_color=&#8221;color-xsdn&#8221; overlay_alpha=&#8221;50&#8243; equal_height=&#8221;yes&#8221; gutter_size=&#8221;3&#8243; column_width_percent=&#8221;100&#8243; shift_y=&#8221;0&#8243; z_index=&#8221;0&#8243;][vc_column column_width_percent=&#8221;100&#8243; gutter_size=&#8221;3&#8243; expand_height=&#8221;yes&#8221; style=&#8221;dark&#8221; overlay_alpha=&#8221;50&#8243; shift_x=&#8221;0&#8243; [&hellip;]<\/p>\n","protected":false},"author":1,"featured_media":84238,"parent":0,"menu_order":0,"comment_status":"closed","ping_status":"closed","template":"","meta":{"_monsterinsights_skip_tracking":false,"_monsterinsights_sitenote_active":false,"_monsterinsights_sitenote_note":"","_monsterinsights_sitenote_category":0,"footnotes":""},"class_list":["post-84279","page","type-page","status-publish","has-post-thumbnail","hentry"],"yoast_head":"<!-- This site is optimized with the Yoast SEO plugin v26.3 - https:\/\/yoast.com\/wordpress\/plugins\/seo\/ -->\n<title>NeSu f\u00f6r professionellt bruk - NeSu - Kotimainen kansalaismaski<\/title>\n<meta name=\"robots\" content=\"index, follow, max-snippet:-1, max-image-preview:large, max-video-preview:-1\" \/>\n<link rel=\"canonical\" href=\"https:\/\/nesu.fi\/sv\/nesu-for-professionellt-bruk\/\" \/>\n<meta property=\"og:locale\" content=\"sv_SE\" \/>\n<meta property=\"og:type\" content=\"article\" \/>\n<meta property=\"og:title\" content=\"NeSu f\u00f6r professionellt bruk - NeSu - Kotimainen kansalaismaski\" \/>\n<meta property=\"og:description\" content=\"[vc_row unlock_row_content=&#8221;yes&#8221; row_height_percent=&#8221;100&#8243; override_padding=&#8221;yes&#8221; h_padding=&#8221;0&#8243; top_padding=&#8221;0&#8243; bottom_padding=&#8221;0&#8243; back_color=&#8221;color-xsdn&#8221; overlay_alpha=&#8221;50&#8243; equal_height=&#8221;yes&#8221; gutter_size=&#8221;3&#8243; column_width_percent=&#8221;100&#8243; shift_y=&#8221;0&#8243; z_index=&#8221;0&#8243;][vc_column column_width_percent=&#8221;100&#8243; gutter_size=&#8221;3&#8243; expand_height=&#8221;yes&#8221; style=&#8221;dark&#8221; overlay_alpha=&#8221;50&#8243; shift_x=&#8221;0&#8243; [&hellip;]\" \/>\n<meta property=\"og:url\" content=\"https:\/\/nesu.fi\/sv\/nesu-for-professionellt-bruk\/\" \/>\n<meta property=\"og:site_name\" content=\"NeSu - Kotimainen kansalaismaski\" \/>\n<meta property=\"article:modified_time\" content=\"2021-08-27T14:01:08+00:00\" \/>\n<meta property=\"og:image\" content=\"https:\/\/nesu.fi\/wp-content\/uploads\/2020\/11\/Filterpak_Nova_multifoto-2-scaled.jpg\" \/>\n\t<meta property=\"og:image:width\" content=\"2560\" \/>\n\t<meta property=\"og:image:height\" content=\"1703\" \/>\n\t<meta property=\"og:image:type\" content=\"image\/jpeg\" \/>\n<meta name=\"twitter:card\" content=\"summary_large_image\" \/>\n<meta name=\"twitter:label1\" content=\"Ber\u00e4knad l\u00e4stid\" \/>\n\t<meta name=\"twitter:data1\" content=\"2 minuter\" \/>\n<script type=\"application\/ld+json\" class=\"yoast-schema-graph\">{\"@context\":\"https:\/\/schema.org\",\"@graph\":[{\"@type\":\"WebPage\",\"@id\":\"https:\/\/nesu.fi\/sv\/nesu-for-professionellt-bruk\/\",\"url\":\"https:\/\/nesu.fi\/sv\/nesu-for-professionellt-bruk\/\",\"name\":\"NeSu f\u00f6r professionellt bruk - NeSu - Kotimainen kansalaismaski\",\"isPartOf\":{\"@id\":\"https:\/\/nesu.fi\/sv\/#website\"},\"primaryImageOfPage\":{\"@id\":\"https:\/\/nesu.fi\/sv\/nesu-for-professionellt-bruk\/#primaryimage\"},\"image\":{\"@id\":\"https:\/\/nesu.fi\/sv\/nesu-for-professionellt-bruk\/#primaryimage\"},\"thumbnailUrl\":\"https:\/\/nesu.fi\/wp-content\/uploads\/2020\/11\/Filterpak_Nova_multifoto-2-scaled.jpg\",\"datePublished\":\"2020-11-05T14:52:15+00:00\",\"dateModified\":\"2021-08-27T14:01:08+00:00\",\"breadcrumb\":{\"@id\":\"https:\/\/nesu.fi\/sv\/nesu-for-professionellt-bruk\/#breadcrumb\"},\"inLanguage\":\"sv-SE\",\"potentialAction\":[{\"@type\":\"ReadAction\",\"target\":[\"https:\/\/nesu.fi\/sv\/nesu-for-professionellt-bruk\/\"]}]},{\"@type\":\"ImageObject\",\"inLanguage\":\"sv-SE\",\"@id\":\"https:\/\/nesu.fi\/sv\/nesu-for-professionellt-bruk\/#primaryimage\",\"url\":\"https:\/\/nesu.fi\/wp-content\/uploads\/2020\/11\/Filterpak_Nova_multifoto-2-scaled.jpg\",\"contentUrl\":\"https:\/\/nesu.fi\/wp-content\/uploads\/2020\/11\/Filterpak_Nova_multifoto-2-scaled.jpg\",\"width\":2560,\"height\":1703,\"caption\":\"L\u00e4s mer\"},{\"@type\":\"BreadcrumbList\",\"@id\":\"https:\/\/nesu.fi\/sv\/nesu-for-professionellt-bruk\/#breadcrumb\",\"itemListElement\":[{\"@type\":\"ListItem\",\"position\":1,\"name\":\"Home\",\"item\":\"https:\/\/nesu.fi\/sv\/\"},{\"@type\":\"ListItem\",\"position\":2,\"name\":\"NeSu f\u00f6r professionellt bruk\"}]},{\"@type\":\"WebSite\",\"@id\":\"https:\/\/nesu.fi\/sv\/#website\",\"url\":\"https:\/\/nesu.fi\/sv\/\",\"name\":\"NeSu - Kotimainen kansalaismaski\",\"description\":\"NeSu by Filterpak\",\"publisher\":{\"@id\":\"https:\/\/nesu.fi\/sv\/#organization\"},\"potentialAction\":[{\"@type\":\"SearchAction\",\"target\":{\"@type\":\"EntryPoint\",\"urlTemplate\":\"https:\/\/nesu.fi\/sv\/?s={search_term_string}\"},\"query-input\":{\"@type\":\"PropertyValueSpecification\",\"valueRequired\":true,\"valueName\":\"search_term_string\"}}],\"inLanguage\":\"sv-SE\"},{\"@type\":\"Organization\",\"@id\":\"https:\/\/nesu.fi\/sv\/#organization\",\"name\":\"NeSu\",\"url\":\"https:\/\/nesu.fi\/sv\/\",\"logo\":{\"@type\":\"ImageObject\",\"inLanguage\":\"sv-SE\",\"@id\":\"https:\/\/nesu.fi\/sv\/#\/schema\/logo\/image\/\",\"url\":\"https:\/\/nesu.fi\/wp-content\/uploads\/2020\/05\/Nesu_logo.png\",\"contentUrl\":\"https:\/\/nesu.fi\/wp-content\/uploads\/2020\/05\/Nesu_logo.png\",\"width\":1000,\"height\":330,\"caption\":\"NeSu\"},\"image\":{\"@id\":\"https:\/\/nesu.fi\/sv\/#\/schema\/logo\/image\/\"}}]}<\/script>\n<!-- \/ Yoast SEO plugin. -->","yoast_head_json":{"title":"NeSu f\u00f6r professionellt bruk - NeSu - Kotimainen kansalaismaski","robots":{"index":"index","follow":"follow","max-snippet":"max-snippet:-1","max-image-preview":"max-image-preview:large","max-video-preview":"max-video-preview:-1"},"canonical":"https:\/\/nesu.fi\/sv\/nesu-for-professionellt-bruk\/","og_locale":"sv_SE","og_type":"article","og_title":"NeSu f\u00f6r professionellt bruk - NeSu - Kotimainen kansalaismaski","og_description":"[vc_row unlock_row_content=&#8221;yes&#8221; row_height_percent=&#8221;100&#8243; override_padding=&#8221;yes&#8221; h_padding=&#8221;0&#8243; top_padding=&#8221;0&#8243; bottom_padding=&#8221;0&#8243; back_color=&#8221;color-xsdn&#8221; overlay_alpha=&#8221;50&#8243; equal_height=&#8221;yes&#8221; gutter_size=&#8221;3&#8243; column_width_percent=&#8221;100&#8243; shift_y=&#8221;0&#8243; z_index=&#8221;0&#8243;][vc_column column_width_percent=&#8221;100&#8243; gutter_size=&#8221;3&#8243; expand_height=&#8221;yes&#8221; style=&#8221;dark&#8221; overlay_alpha=&#8221;50&#8243; shift_x=&#8221;0&#8243; [&hellip;]","og_url":"https:\/\/nesu.fi\/sv\/nesu-for-professionellt-bruk\/","og_site_name":"NeSu - Kotimainen kansalaismaski","article_modified_time":"2021-08-27T14:01:08+00:00","og_image":[{"width":2560,"height":1703,"url":"https:\/\/nesu.fi\/wp-content\/uploads\/2020\/11\/Filterpak_Nova_multifoto-2-scaled.jpg","type":"image\/jpeg"}],"twitter_card":"summary_large_image","twitter_misc":{"Ber\u00e4knad l\u00e4stid":"2 minuter"},"schema":{"@context":"https:\/\/schema.org","@graph":[{"@type":"WebPage","@id":"https:\/\/nesu.fi\/sv\/nesu-for-professionellt-bruk\/","url":"https:\/\/nesu.fi\/sv\/nesu-for-professionellt-bruk\/","name":"NeSu f\u00f6r professionellt bruk - NeSu - Kotimainen kansalaismaski","isPartOf":{"@id":"https:\/\/nesu.fi\/sv\/#website"},"primaryImageOfPage":{"@id":"https:\/\/nesu.fi\/sv\/nesu-for-professionellt-bruk\/#primaryimage"},"image":{"@id":"https:\/\/nesu.fi\/sv\/nesu-for-professionellt-bruk\/#primaryimage"},"thumbnailUrl":"https:\/\/nesu.fi\/wp-content\/uploads\/2020\/11\/Filterpak_Nova_multifoto-2-scaled.jpg","datePublished":"2020-11-05T14:52:15+00:00","dateModified":"2021-08-27T14:01:08+00:00","breadcrumb":{"@id":"https:\/\/nesu.fi\/sv\/nesu-for-professionellt-bruk\/#breadcrumb"},"inLanguage":"sv-SE","potentialAction":[{"@type":"ReadAction","target":["https:\/\/nesu.fi\/sv\/nesu-for-professionellt-bruk\/"]}]},{"@type":"ImageObject","inLanguage":"sv-SE","@id":"https:\/\/nesu.fi\/sv\/nesu-for-professionellt-bruk\/#primaryimage","url":"https:\/\/nesu.fi\/wp-content\/uploads\/2020\/11\/Filterpak_Nova_multifoto-2-scaled.jpg","contentUrl":"https:\/\/nesu.fi\/wp-content\/uploads\/2020\/11\/Filterpak_Nova_multifoto-2-scaled.jpg","width":2560,"height":1703,"caption":"L\u00e4s mer"},{"@type":"BreadcrumbList","@id":"https:\/\/nesu.fi\/sv\/nesu-for-professionellt-bruk\/#breadcrumb","itemListElement":[{"@type":"ListItem","position":1,"name":"Home","item":"https:\/\/nesu.fi\/sv\/"},{"@type":"ListItem","position":2,"name":"NeSu f\u00f6r professionellt bruk"}]},{"@type":"WebSite","@id":"https:\/\/nesu.fi\/sv\/#website","url":"https:\/\/nesu.fi\/sv\/","name":"NeSu - Kotimainen kansalaismaski","description":"NeSu by Filterpak","publisher":{"@id":"https:\/\/nesu.fi\/sv\/#organization"},"potentialAction":[{"@type":"SearchAction","target":{"@type":"EntryPoint","urlTemplate":"https:\/\/nesu.fi\/sv\/?s={search_term_string}"},"query-input":{"@type":"PropertyValueSpecification","valueRequired":true,"valueName":"search_term_string"}}],"inLanguage":"sv-SE"},{"@type":"Organization","@id":"https:\/\/nesu.fi\/sv\/#organization","name":"NeSu","url":"https:\/\/nesu.fi\/sv\/","logo":{"@type":"ImageObject","inLanguage":"sv-SE","@id":"https:\/\/nesu.fi\/sv\/#\/schema\/logo\/image\/","url":"https:\/\/nesu.fi\/wp-content\/uploads\/2020\/05\/Nesu_logo.png","contentUrl":"https:\/\/nesu.fi\/wp-content\/uploads\/2020\/05\/Nesu_logo.png","width":1000,"height":330,"caption":"NeSu"},"image":{"@id":"https:\/\/nesu.fi\/sv\/#\/schema\/logo\/image\/"}}]}},"_links":{"self":[{"href":"https:\/\/nesu.fi\/sv\/wp-json\/wp\/v2\/pages\/84279","targetHints":{"allow":["GET"]}}],"collection":[{"href":"https:\/\/nesu.fi\/sv\/wp-json\/wp\/v2\/pages"}],"about":[{"href":"https:\/\/nesu.fi\/sv\/wp-json\/wp\/v2\/types\/page"}],"author":[{"embeddable":true,"href":"https:\/\/nesu.fi\/sv\/wp-json\/wp\/v2\/users\/1"}],"replies":[{"embeddable":true,"href":"https:\/\/nesu.fi\/sv\/wp-json\/wp\/v2\/comments?post=84279"}],"version-history":[{"count":10,"href":"https:\/\/nesu.fi\/sv\/wp-json\/wp\/v2\/pages\/84279\/revisions"}],"predecessor-version":[{"id":84642,"href":"https:\/\/nesu.fi\/sv\/wp-json\/wp\/v2\/pages\/84279\/revisions\/84642"}],"wp:featuredmedia":[{"embeddable":true,"href":"https:\/\/nesu.fi\/sv\/wp-json\/wp\/v2\/media\/84238"}],"wp:attachment":[{"href":"https:\/\/nesu.fi\/sv\/wp-json\/wp\/v2\/media?parent=84279"}],"curies":[{"name":"wp","href":"https:\/\/api.w.org\/{rel}","templated":true}]}}